{"id":52,"date":"2023-04-13T20:28:06","date_gmt":"2023-04-13T18:28:06","guid":{"rendered":"https:\/\/macplasteringteam.co.uk\/?page_id=52"},"modified":"2023-09-20T12:10:44","modified_gmt":"2023-09-20T10:10:44","slug":"about-us","status":"publish","type":"page","link":"https:\/\/macplasteringteam.co.uk\/ro\/about-us\/","title":{"rendered":"Despre noi"},"content":{"rendered":"<div data-elementor-type=\"wp-page\" data-elementor-id=\"52\" class=\"elementor elementor-52\" data-elementor-post-type=\"page\">\n\t\t\t\t\t\t<section class=\"elementor-section elementor-top-section elementor-element elementor-element-9222d3d elementor-section-boxed elementor-section-height-default elementor-section-height-default tmpcoder-jarallax-no tmpcoder-parallax-no tmpcoder-particle-no tmpcoder-sticky-section-no\" data-id=\"9222d3d\" data-element_type=\"section\" data-e-type=\"section\">\n\t\t\t\t\t\t<div class=\"elementor-container elementor-column-gap-default\">\n\t\t\t\t\t<div class=\"elementor-column elementor-col-100 elementor-top-column elementor-element elementor-element-7292248\" data-id=\"7292248\" data-element_type=\"column\" data-e-type=\"column\">\n\t\t\t<div class=\"elementor-widget-wrap elementor-element-populated\">\n\t\t\t\t\t\t<div class=\"elementor-element elementor-element-1b41a5f elementor-widget elementor-widget-heading\" data-id=\"1b41a5f\" data-element_type=\"widget\" data-e-type=\"widget\" data-widget_type=\"heading.default\">\n\t\t\t\t<div class=\"elementor-widget-container\">\n\t\t\t\t\t<h2 class=\"elementor-heading-title elementor-size-default\">Afla\u021bi mai multe despre noi<\/h2>\t\t\t\t<\/div>\n\t\t\t\t<\/div>\n\t\t\t\t\t<\/div>\n\t\t<\/div>\n\t\t\t\t\t<\/div>\n\t\t<\/section>\n\t\t\t\t<section class=\"elementor-section elementor-top-section elementor-element elementor-element-da67f3f elementor-section-full_width elementor-section-height-default elementor-section-height-default tmpcoder-jarallax-no tmpcoder-parallax-no tmpcoder-particle-no tmpcoder-sticky-section-no\" data-id=\"da67f3f\" data-element_type=\"section\" data-e-type=\"section\">\n\t\t\t\t\t\t<div class=\"elementor-container elementor-column-gap-default\">\n\t\t\t\t\t<div class=\"elementor-column elementor-col-100 elementor-top-column elementor-element elementor-element-9001140\" data-id=\"9001140\" data-element_type=\"column\" data-e-type=\"column\">\n\t\t\t<div class=\"elementor-widget-wrap elementor-element-populated\">\n\t\t\t\t\t\t<section class=\"elementor-section elementor-inner-section elementor-element elementor-element-d36ef40 elementor-section-boxed elementor-section-height-default elementor-section-height-default tmpcoder-jarallax-no tmpcoder-parallax-no tmpcoder-particle-no tmpcoder-sticky-section-no\" data-id=\"d36ef40\" data-element_type=\"section\" data-e-type=\"section\">\n\t\t\t\t\t\t<div class=\"elementor-container elementor-column-gap-default\">\n\t\t\t\t\t<div class=\"elementor-column elementor-col-50 elementor-inner-column elementor-element elementor-element-6c6e14e\" data-id=\"6c6e14e\" data-element_type=\"column\" data-e-type=\"column\">\n\t\t\t<div class=\"elementor-widget-wrap elementor-element-populated\">\n\t\t\t\t\t\t<div class=\"elementor-element elementor-element-11b9b84 elementor-widget elementor-widget-heading\" data-id=\"11b9b84\" data-element_type=\"widget\" data-e-type=\"widget\" data-widget_type=\"heading.default\">\n\t\t\t\t<div class=\"elementor-widget-container\">\n\t\t\t\t\t<h2 class=\"elementor-heading-title elementor-size-default\">\u00cenceputul<\/h2>\t\t\t\t<\/div>\n\t\t\t\t<\/div>\n\t\t\t\t<div class=\"elementor-element elementor-element-3dd1883 elementor-widget elementor-widget-image\" data-id=\"3dd1883\" data-element_type=\"widget\" data-e-type=\"widget\" data-widget_type=\"image.default\">\n\t\t\t\t<div class=\"elementor-widget-container\">\n\t\t\t\t\t\t\t\t\t\t\t\t\t\t\t<img fetchpriority=\"high\" decoding=\"async\" width=\"800\" height=\"124\" src=\"https:\/\/macplasteringteam.co.uk\/wp-content\/uploads\/2023\/04\/the-beginning.svg\" class=\"attachment-large size-large wp-image-163\" alt=\"\" title=\"\">\t\t\t\t\t\t\t\t\t\t\t\t\t\t\t<\/div>\n\t\t\t\t<\/div>\n\t\t\t\t<div class=\"elementor-element elementor-element-a4e3875 elementor-widget elementor-widget-text-editor\" data-id=\"a4e3875\" data-element_type=\"widget\" data-e-type=\"widget\" data-widget_type=\"text-editor.default\">\n\t\t\t\t<div class=\"elementor-widget-container\">\n\t\t\t\t\t\t\t\t\t<p>Echipa Mac Plastering a fost format\u0103 \u00een 2008, c\u00e2nd fondatorul nostru a decis s\u0103 adune o echip\u0103 de tencuitori locali profesioni\u0219ti din Londra, to\u021bi pasiona\u021bi de meseria lor. De la o afacere cu un singur om, a crescut p\u00e2n\u0103 la echipa mare care este ast\u0103zi.<\/p><p>Datorit\u0103 sim\u021bului s\u0103u de responsabilitate \u0219i angajamentului s\u0103u de a munci din greu, Mac a construit o afacere bazat\u0103 pe \u00eencredere \u0219i a creat rela\u021bii de durat\u0103 cu lucr\u0103torii \u0219i clien\u021bii deopotriv\u0103. \u00cen timp, calitatea \u00eenalt\u0103 a manoperei echipei Mac Plastering a impresionat firmele mai mari, ceea ce a dus la invitarea noastr\u0103 de a ne implica \u00een proiecte mai complexe, de mare anvergur\u0103. Cu toate acestea, nu am pierdut din vedere clien\u021bii no\u0219tri priva\u021bi \u0219i lucr\u0103rile mai mici care au permis cre\u0219terea afacerii. \u00cenc\u0103 ne d\u0103m seama c\u0103 oamenii caut\u0103 tencuitori locali care vin foarte bine recomanda\u021bi pentru c\u0103 fac o treab\u0103 excelent\u0103. Datorit\u0103 membrilor profesioni\u0219ti ai echipajului \u0219i a unui ochi mare pentru detalii, toate lucr\u0103rile sunt finalizate la cel mai \u00eenalt standard.<\/p>\t\t\t\t\t\t\t\t<\/div>\n\t\t\t\t<\/div>\n\t\t\t\t<div class=\"elementor-element elementor-element-c065920 elementor-widget elementor-widget-video\" data-id=\"c065920\" data-element_type=\"widget\" data-e-type=\"widget\" data-settings=\"{&quot;youtube_url&quot;:&quot;https:\\\/\\\/youtu.be\\\/0VP1rH2nros&quot;,&quot;video_type&quot;:&quot;youtube&quot;,&quot;controls&quot;:&quot;yes&quot;}\" data-widget_type=\"video.default\">\n\t\t\t\t<div class=\"elementor-widget-container\">\n\t\t\t\t\t\t\t<div class=\"elementor-wrapper elementor-open-inline\">\n\t\t\t<div class=\"elementor-video\"><\/div>\t\t<\/div>\n\t\t\t\t\t\t<\/div>\n\t\t\t\t<\/div>\n\t\t\t\t<div class=\"elementor-element elementor-element-b8978c2 elementor-widget elementor-widget-heading\" data-id=\"b8978c2\" data-element_type=\"widget\" data-e-type=\"widget\" data-widget_type=\"heading.default\">\n\t\t\t\t<div class=\"elementor-widget-container\">\n\t\t\t\t\t<h2 class=\"elementor-heading-title elementor-size-default\">Echipa<\/h2>\t\t\t\t<\/div>\n\t\t\t\t<\/div>\n\t\t\t\t<div class=\"elementor-element elementor-element-8c35b7c elementor-widget elementor-widget-image\" data-id=\"8c35b7c\" data-element_type=\"widget\" data-e-type=\"widget\" data-widget_type=\"image.default\">\n\t\t\t\t<div class=\"elementor-widget-container\">\n\t\t\t\t\t\t\t\t\t\t\t\t\t\t\t<img decoding=\"async\" width=\"800\" height=\"124\" src=\"https:\/\/macplasteringteam.co.uk\/wp-content\/uploads\/2023\/04\/the-team.svg\" class=\"attachment-large size-large wp-image-164\" alt=\"\" title=\"\">\t\t\t\t\t\t\t\t\t\t\t\t\t\t\t<\/div>\n\t\t\t\t<\/div>\n\t\t\t\t<div class=\"elementor-element elementor-element-a7235f9 elementor-widget elementor-widget-text-editor\" data-id=\"a7235f9\" data-element_type=\"widget\" data-e-type=\"widget\" data-widget_type=\"text-editor.default\">\n\t\t\t\t<div class=\"elementor-widget-container\">\n\t\t\t\t\t\t\t\t\t<p>\u00cenc\u0103 de la \u00eenceput, Mac a recrutat numai me\u0219teri cu pasiunea \u0219i motiva\u021bia necesare pentru a atinge standarde care \u00eei las\u0103 pe al\u021bii \u00een umbr\u0103. Scopul echipei Mac Plastering a fost \u00eentotdeauna acela de a ne trata clien\u021bii ca pe ni\u0219te indivizi - pun\u00e2nd suflet, timp \u0219i abilit\u0103\u021bi \u00een fiecare proiect - iar personalul nostru respect\u0103 \u00eentotdeauna acest principiu.<\/p><p>Noi nu doar angaj\u0103m cei mai buni tencuitori locali, ci \u00eei \u0219i p\u0103str\u0103m! Toate persoanele care au fost angajate ini\u021bial sunt acum o echip\u0103 puternic\u0103 de tencuitori muncitori \u0219i de calitate superioar\u0103, care ofer\u0103 servicii de cea mai \u00eenalt\u0103 calitate, bazate pe satisfac\u021bia total\u0103 a clien\u021bilor.<\/p><p>Recunoa\u0219tem importan\u021ba unei for\u021be de munc\u0103 fericite, iar scopul nostru este de a ne vedea membrii echipei noastre dezvolt\u00e2ndu-se \u0219i cresc\u00e2nd al\u0103turi de noi. Cei mai buni membri ai echipei noastre au urcat \u00een ierarhie pentru a deveni supervizori, c\u0103rora li s-a \u00eencredin\u021bat sarcina de a prelua controlul \u0219i de a supraveghea proiectele, precum \u0219i de a asista la formarea noilor angaja\u021bi.<\/p>\t\t\t\t\t\t\t\t<\/div>\n\t\t\t\t<\/div>\n\t\t\t\t\t<\/div>\n\t\t<\/div>\n\t\t\t\t<div class=\"elementor-column elementor-col-50 elementor-inner-column elementor-element elementor-element-dea4aae\" data-id=\"dea4aae\" data-element_type=\"column\" data-e-type=\"column\">\n\t\t\t<div class=\"elementor-widget-wrap elementor-element-populated\">\n\t\t\t\t\t\t<div class=\"elementor-element elementor-element-438c3e2 elementor-widget elementor-widget-heading\" data-id=\"438c3e2\" data-element_type=\"widget\" data-e-type=\"widget\" data-widget_type=\"heading.default\">\n\t\t\t\t<div class=\"elementor-widget-container\">\n\t\t\t\t\t<h2 class=\"elementor-heading-title elementor-size-default\">Cre\u0219terea echipei noastre de tencuitori locali<\/h2>\t\t\t\t<\/div>\n\t\t\t\t<\/div>\n\t\t\t\t<div class=\"elementor-element elementor-element-8d6fa06 elementor-widget elementor-widget-image\" data-id=\"8d6fa06\" data-element_type=\"widget\" data-e-type=\"widget\" data-widget_type=\"image.default\">\n\t\t\t\t<div class=\"elementor-widget-container\">\n\t\t\t\t\t\t\t\t\t\t\t\t\t\t\t<img decoding=\"async\" width=\"800\" height=\"124\" src=\"https:\/\/macplasteringteam.co.uk\/wp-content\/uploads\/2023\/04\/growing-our-team.svg\" class=\"attachment-large size-large wp-image-165\" alt=\"\" title=\"\">\t\t\t\t\t\t\t\t\t\t\t\t\t\t\t<\/div>\n\t\t\t\t<\/div>\n\t\t\t\t<div class=\"elementor-element elementor-element-a93d5d3 elementor-widget elementor-widget-text-editor\" data-id=\"a93d5d3\" data-element_type=\"widget\" data-e-type=\"widget\" data-widget_type=\"text-editor.default\">\n\t\t\t\t<div class=\"elementor-widget-container\">\n\t\t\t\t\t\t\t\t\t<p>Pe m\u0103sur\u0103 ce Mac Plastering s-a extins \u0219i a ob\u021binut recunoa\u0219tere ca \u0219i companie, a venit momentul s\u0103 creeze un brand \u0219i o identitate corporativ\u0103 adecvat\u0103. Am decis c\u0103 ceea ce reprezint\u0103 cel mai bine abordarea noastr\u0103 este o piramid\u0103. De ce aceast\u0103 form\u0103? Piramida simbolizeaz\u0103 cea mai stabil\u0103 construc\u021bie - cu funda\u021bii largi - \u0219i sugereaz\u0103 o calitate atemporal\u0103; ceva construit pentru a dura. Reprezint\u0103, de asemenea, energia pozitiv\u0103 \u0219i ideologia Mac Plastering - de a urca p\u00e2n\u0103 \u00een v\u00e2rf.<\/p>\t\t\t\t\t\t\t\t<\/div>\n\t\t\t\t<\/div>\n\t\t\t\t<div class=\"elementor-element elementor-element-e7a99cc elementor-widget elementor-widget-heading\" data-id=\"e7a99cc\" data-element_type=\"widget\" data-e-type=\"widget\" data-widget_type=\"heading.default\">\n\t\t\t\t<div class=\"elementor-widget-container\">\n\t\t\t\t\t<h2 class=\"elementor-heading-title elementor-size-default\">Construirea unei echipe adev\u0103rate<\/h2>\t\t\t\t<\/div>\n\t\t\t\t<\/div>\n\t\t\t\t<div class=\"elementor-element elementor-element-ea85a6f elementor-widget elementor-widget-image\" data-id=\"ea85a6f\" data-element_type=\"widget\" data-e-type=\"widget\" data-widget_type=\"image.default\">\n\t\t\t\t<div class=\"elementor-widget-container\">\n\t\t\t\t\t\t\t\t\t\t\t\t\t\t\t<img loading=\"lazy\" decoding=\"async\" width=\"800\" height=\"124\" src=\"https:\/\/macplasteringteam.co.uk\/wp-content\/uploads\/2023\/04\/building-a-true-team.svg\" class=\"attachment-large size-large wp-image-166\" alt=\"\" title=\"\">\t\t\t\t\t\t\t\t\t\t\t\t\t\t\t<\/div>\n\t\t\t\t<\/div>\n\t\t\t\t<div class=\"elementor-element elementor-element-ef5715b elementor-widget elementor-widget-text-editor\" data-id=\"ef5715b\" data-element_type=\"widget\" data-e-type=\"widget\" data-widget_type=\"text-editor.default\">\n\t\t\t\t<div class=\"elementor-widget-container\">\n\t\t\t\t\t\t\t\t\t<p>Suntem o echip\u0103 foarte motivat\u0103, bine organizat\u0103 \u0219i creativ\u0103, cu standarde exigente. Ne place s\u0103 ne verific\u0103m reciproc munca pentru a ne asigura c\u0103 to\u021bi contribuim \u0219i facem o treab\u0103 fantastic\u0103 pentru fiecare client. \u00cen acest fel construim \u00eencrederea \u0219i rela\u021bia necesare pentru o rela\u021bie de lucru excelent\u0103 cu to\u021bi clien\u021bii cu care lucr\u0103m. De-a lungul anilor, Mac Plastering a colaborat cu multe alte companii, inclusiv cu TPLS Ceilings and Partitions Ltd, cu care suntem mai puternici \u00eempreun\u0103 din 2008.<\/p>\t\t\t\t\t\t\t\t<\/div>\n\t\t\t\t<\/div>\n\t\t\t\t<div class=\"elementor-element elementor-element-86208a5 elementor-widget elementor-widget-heading\" data-id=\"86208a5\" data-element_type=\"widget\" data-e-type=\"widget\" data-widget_type=\"heading.default\">\n\t\t\t\t<div class=\"elementor-widget-container\">\n\t\t\t\t\t<h2 class=\"elementor-heading-title elementor-size-default\">Tencuitori locali - proiecte mari\n<\/h2>\t\t\t\t<\/div>\n\t\t\t\t<\/div>\n\t\t\t\t<div class=\"elementor-element elementor-element-edfb785 elementor-widget elementor-widget-image\" data-id=\"edfb785\" data-element_type=\"widget\" data-e-type=\"widget\" data-widget_type=\"image.default\">\n\t\t\t\t<div class=\"elementor-widget-container\">\n\t\t\t\t\t\t\t\t\t\t\t\t\t\t\t<img loading=\"lazy\" decoding=\"async\" width=\"800\" height=\"124\" src=\"https:\/\/macplasteringteam.co.uk\/wp-content\/uploads\/2023\/04\/local-plasterers.svg\" class=\"attachment-large size-large wp-image-167\" alt=\"\" title=\"\">\t\t\t\t\t\t\t\t\t\t\t\t\t\t\t<\/div>\n\t\t\t\t<\/div>\n\t\t\t\t<div class=\"elementor-element elementor-element-c1bf2f7 elementor-widget elementor-widget-text-editor\" data-id=\"c1bf2f7\" data-element_type=\"widget\" data-e-type=\"widget\" data-widget_type=\"text-editor.default\">\n\t\t\t\t<div class=\"elementor-widget-container\">\n\t\t\t\t\t\t\t\t\t<p>Echipa Mac Plastering a lucrat la proiecte mari \u0219i mici, \u00een Londra \u0219i nu numai. Unele dintre cele mai mari proiecte au inclus:<\/p>\n<ul>\n<li>Louis Vuitton - Harrods<\/li>\n<li>Fitzroy Square - Londra<\/li>\n<li>74 Avenue Road, St. John's Wood - Londra<\/li>\n<li>Colegiul North Brook - Worthing<\/li>\n<li>\u0218coala City of London Freemen's School - Ashtead<\/li>\n<li>Galeria de la 103 New Bond Street - Londra<\/li>\n<li>Zona de servicii pentru autostrada Cobham - M25<\/li>\n<li>O adev\u0103rat\u0103 provocare - dar \u0219i un succes - a fost proiectul Royal Chambers, Guernsey \u0219i Royal Terrace, Insulele Anglo-Normande. Cele dou\u0103 cl\u0103diri au implicat peste 25.000 m2 de tencuial\u0103!<\/li>\n<\/ul>\n<p>Urma\u021bi link-ul pentru a vedea&nbsp;<a href=\"https:\/\/macplasteringteam.co.uk\/ro\/projects\/\" target=\"_blank\">\u00eenainte \u0219i dup\u0103 fotografii<\/a>&nbsp;a c\u00e2torva dintre proiectele locale de tencuial\u0103 ale Mac Plastering.<\/p>\t\t\t\t\t\t\t\t<\/div>\n\t\t\t\t<\/div>\n\t\t\t\t\t<\/div>\n\t\t<\/div>\n\t\t\t\t\t<\/div>\n\t\t<\/section>\n\t\t\t\t\t<\/div>\n\t\t<\/div>\n\t\t\t\t\t<\/div>\n\t\t<\/section>\n\t\t\t\t<\/div>","protected":false},"excerpt":{"rendered":"<p>Learn more about us The beginning The Mac Plastering team was formed in 2008 when our founder decided to assemble a crew of professional local plasterers in London, all of whom were passionate about their trade. From a one-man business it has grown to the large outfit that it is today. Thanks to his sense [&hellip;]<\/p>","protected":false},"author":1,"featured_media":0,"parent":0,"menu_order":0,"comment_status":"closed","ping_status":"closed","template":"","meta":{"footnotes":""},"class_list":["post-52","page","type-page","status-publish","hentry"],"rttpg_featured_image_url":null,"rttpg_author":{"display_name":"Admin","author_link":"https:\/\/macplasteringteam.co.uk\/ro\/author\/admin\/"},"rttpg_comment":0,"rttpg_category":null,"rttpg_excerpt":"Learn more about us The beginning The Mac Plastering team was formed in 2008 when our founder decided to assemble a crew of professional local plasterers in London, all of whom were passionate about their trade. From a one-man business it has grown to the large outfit that it is today. Thanks to his sense&hellip;","_links":{"self":[{"href":"https:\/\/macplasteringteam.co.uk\/ro\/wp-json\/wp\/v2\/pages\/52","targetHints":{"allow":["GET"]}}],"collection":[{"href":"https:\/\/macplasteringteam.co.uk\/ro\/wp-json\/wp\/v2\/pages"}],"about":[{"href":"https:\/\/macplasteringteam.co.uk\/ro\/wp-json\/wp\/v2\/types\/page"}],"author":[{"embeddable":true,"href":"https:\/\/macplasteringteam.co.uk\/ro\/wp-json\/wp\/v2\/users\/1"}],"replies":[{"embeddable":true,"href":"https:\/\/macplasteringteam.co.uk\/ro\/wp-json\/wp\/v2\/comments?post=52"}],"version-history":[{"count":8,"href":"https:\/\/macplasteringteam.co.uk\/ro\/wp-json\/wp\/v2\/pages\/52\/revisions"}],"predecessor-version":[{"id":11142,"href":"https:\/\/macplasteringteam.co.uk\/ro\/wp-json\/wp\/v2\/pages\/52\/revisions\/11142"}],"wp:attachment":[{"href":"https:\/\/macplasteringteam.co.uk\/ro\/wp-json\/wp\/v2\/media?parent=52"}],"curies":[{"name":"wp","href":"https:\/\/api.w.org\/{rel}","templated":true}]}}