{"id":11112,"date":"2023-08-15T14:32:59","date_gmt":"2023-08-15T12:32:59","guid":{"rendered":"https:\/\/macplasteringteam.co.uk\/plasterer-west-hampstead\/"},"modified":"2023-08-15T14:32:59","modified_gmt":"2023-08-15T12:32:59","slug":"plasterer-west-hampstead","status":"publish","type":"page","link":"https:\/\/macplasteringteam.co.uk\/ro\/plasterer-west-hampstead\/","title":{"rendered":"Plasterrer West Hampstead"},"content":{"rendered":"<style>\/*! elementor - v3.15.0 - 09-08-2023 *\/<br \/>.elementor-heading-title{padding:0;margin:0;line-height:1}.elementor-widget-heading .elementor-heading-title[class*=elementor-size-]>a{color:inherit;font-size:inherit;line-height:inherit}.elementor-widget-heading .elementor-heading-title.elementor-size-small{font-size:15px}.elementor-widget-heading .elementor-heading-title.elementor-size-medium{font-size:19px}.elementor-widget-heading .elementor-heading-title.elementor-size-large{font-size:29px}.elementor-widget-heading .elementor-heading-title.elementor-size-xl{font-size:39px}.elementor-widget-heading .elementor-heading-title.elementor-size-xxl{font-size:59px}<\/style>\n<h1>Plasterrer \u00een West Hampstead - Plastering Contractor<\/h1>\n<p>Tencuieli \u00een West Hampstead, Bine a\u021bi venit la bordul Mac Plastering Team, distinsul furnizor de servicii profesionale de tencuieli \u00een West Hampstead, av\u00e2nd un istoric puternic de 16 ani \u00een industrie. Specializat\u0103 \u00een servicii de tencuial\u0103 de \u00eenalt\u0103 calitate, ne adres\u0103m unei baze extinse de clien\u021bi care cuprinde at\u00e2t sectoarele reziden\u021biale \u0219i comerciale din West Hampstead ceptional me\u0219te\u0219ug \u0219i satisfac\u021bia clien\u021bilor.<\/p>\n<h2>De ce s\u0103 v\u0103 asocia\u021bi cu Mac Plastering?<\/h2>\n<p>Mac Plastering Team este ferm\u0103 \u00een angajamentul s\u0103u de a oferi servicii de tencuial\u0103 de top \u00een West Hampstead. Reputa\u021bia noastr\u0103, construit\u0103 pe o serie de proiecte executate cu succes \u0219i laude din partea clien\u021bilor no\u0219tri mul\u021bumi\u021bi, st\u0103 drept m\u0103rturie a calit\u0103\u021bii serviciilor noastre. Suntem dedica\u021bi fiec\u0103rui proiect, mare sau mic, trat\u00e2ndu-l pe fiecare cu aceea\u0219i aten\u021bie \u0219i precizie.<\/p>\n<h2>Un spectru de servicii de tencuial\u0103 reziden\u021biale \u0219i comerciale \u00een West Hampstead<\/h2>\n<p>Fie c\u0103 este vorba de o renovare a casei, de un apartament, de un birou sau de o renovare a spa\u021biului comercial, avem abilit\u0103\u021bile \u0219i cuno\u0219tin\u021bele necesare pentru a v\u0103 \u00eendeplini toate nevoile de tencuial\u0103. Serviciile noastre cuprinz\u0103toare cuprind:<\/p>\n<ul>\n<li>Solu\u021bii de tencuial\u0103 pentru apartamente, case \u0219i case de locuit<\/li>\n<li>Tencuieli specializate pentru baie \u0219i buc\u0103t\u0103rie<\/li>\n<li>Tencuieli pentru birouri \u0219i spa\u021bii comerciale<\/li>\n<li>Conversii Loft, construc\u021bii noi, \u0219i pere\u021bi desp\u0103r\u021bitori tencuial\u0103<\/li>\n<li>Garaj de conversie tencuial\u0103<\/li>\n<li>Tencuial\u0103 aplicat\u0103 cu ma\u0219ina<\/li>\n<li>Tencuieli pentru extinderi \u0219i verande<\/li>\n<li>Solu\u021bii personalizate de tencuial\u0103<\/li>\n<\/ul>\n<p>Recunosc\u00e2nd c\u0103 fiecare proiect de tencuial\u0103 vine cu cerin\u021be unice, adopt\u0103m o abordare personalizat\u0103, mai degrab\u0103 dec\u00e2t una generic\u0103. Echipa noastr\u0103 de profesioni\u0219ti experimenta\u021bi va efectua o evaluare am\u0103nun\u021bit\u0103 a \u0219antierului dvs. \u0219i v\u0103 va oferi sfaturi de specialitate adaptate nevoilor dvs. specifice, \u021bin\u00e2nd cont de starea suprafe\u021belor \u0219i a substraturilor. \u00cen plus, ne aliniem serviciile noastre de tencuial\u0103 de \u00eenalt\u0103 calitate la bugetul dumneavoastr\u0103, garant\u00e2ndu-v\u0103 cea mai bun\u0103 valoare pentru investi\u021bia dumneavoastr\u0103.<\/p>\n<h2>Intra\u021bi \u00een contact<\/h2>\n<h2>Detalii de contact<\/h2>\n<style>\/*! elementor - v3.15.0 - 09-08-2023 *\/<br \/>.elementor-widget-image-box .elementor-image-box-content{width:100%}@media (min-width:768px){.elementor-widget-image-box.elementor-position-left .elementor-image-box-wrapper,.elementor-widget-image-box.elementor-position-right .elementor-image-box-wrapper{display:flex}.elementor-widget-image-box.elementor-position-right .elementor-image-box-wrapper{text-align:right;flex-direction:row-reverse}.elementor-widget-image-box.elementor-position-left .elementor-image-box-wrapper{text-align:left;flex-direction:row}.elementor-widget-image-box.elementor-position-top .elementor-image-box-img{margin:auto}.elementor-widget-image-box.elementor-vertical-align-top .elementor-image-box-wrapper{align-items:flex-start}.elementor-widget-image-box.elementor-vertical-align-middle .elementor-image-box-wrapper{align-items:center}.elementor-widget-image-box.elementor-vertical-align-bottom .elementor-image-box-wrapper{align-items:flex-end}}@media (max-width:767px){.elementor-widget-image-box .elementor-image-box-img{margin-left:auto!important;margin-right:auto!important;margin-bottom:15px}}.elementor-widget-image-box .elementor-image-box-img{display:inline-block}.elementor-widget-image-box .elementor-image-box-title a{color:inherit}.elementor-widget-image-box .elementor-image-box-wrapper{text-align:center}.elementor-widget-image-box .elementor-image-box-description{margin:0}<\/style>\n<figure><img decoding=\"async\" src=\"https:\/\/macplasteringteam.co.uk\/wp-content\/uploads\/2023\/04\/mobile.png\" alt=\"\" width=\"20\" height=\"32\" title=\"\"> Mob: 07707570707<\/figure>\n<figure><img decoding=\"async\" src=\"https:\/\/macplasteringteam.co.uk\/wp-content\/uploads\/2023\/04\/koperta-min.png\" alt=\"\" width=\"24\" height=\"14\" title=\"\"> Email contact@macplasteringteam.co.uk<\/figure>\n<h2>Plasturier \u00een West Hampstead<\/h2>\n<style>\/*! elementor - v3.15.0 - 09-08-2023 *\/<br \/>.elementor-widget-google_maps .elementor-widget-container{overflow:hidden}.elementor-widget-google_maps .elementor-custom-embed{line-height:0}.elementor-widget-google_maps iframe{height:300px}<\/style>\n<p><iframe title=\"Harta Google a West Hampstead, londra\" class=\"page-generator-pro-map\" width=\"100%\" height=\"250\" frameborder=\"0\" style=\"border:0\" src=\"https:\/\/www.google.com\/maps\/embed\/v1\/place?q=West+Hampstead%2C+london&#038;zoom=14&#038;maptype=roadmap&#038;key=AIzaSyCNTEOso0tZG6YMSJFoaJEY5Th1stEWrJI\" referrerpolicy=\"no-referrer-when-downgrade\" allowfullscreen><\/iframe><\/p>","protected":false},"excerpt":{"rendered":"<p>Plasterer in West Hampstead &#8211; Plastering Contractor Plastering in West Hampstead, Welcome aboard to Mac Plastering Team, the distinguished provider of professional plastering services in West Hampstead, holding a strong record of 16 years in the industry. Specializing in high-quality plastering services, we cater to an extensive client base comprising both residential and commercial sectors [&hellip;]<\/p>","protected":false},"author":1,"featured_media":0,"parent":0,"menu_order":0,"comment_status":"closed","ping_status":"closed","template":"","meta":{"footnotes":""},"class_list":["post-11112","page","type-page","status-publish","hentry"],"rttpg_featured_image_url":null,"rttpg_author":{"display_name":"Admin","author_link":"https:\/\/macplasteringteam.co.uk\/ro\/author\/admin\/"},"rttpg_comment":0,"rttpg_category":null,"rttpg_excerpt":"Plasterer in West Hampstead &#8211; Plastering Contractor Plastering in West Hampstead, Welcome aboard to Mac Plastering Team, the distinguished provider of professional plastering services in West Hampstead, holding a strong record of 16 years in the industry. Specializing in high-quality plastering services, we cater to an extensive client base comprising both residential and commercial sectors&hellip;","_links":{"self":[{"href":"https:\/\/macplasteringteam.co.uk\/ro\/wp-json\/wp\/v2\/pages\/11112","targetHints":{"allow":["GET"]}}],"collection":[{"href":"https:\/\/macplasteringteam.co.uk\/ro\/wp-json\/wp\/v2\/pages"}],"about":[{"href":"https:\/\/macplasteringteam.co.uk\/ro\/wp-json\/wp\/v2\/types\/page"}],"author":[{"embeddable":true,"href":"https:\/\/macplasteringteam.co.uk\/ro\/wp-json\/wp\/v2\/users\/1"}],"replies":[{"embeddable":true,"href":"https:\/\/macplasteringteam.co.uk\/ro\/wp-json\/wp\/v2\/comments?post=11112"}],"version-history":[{"count":0,"href":"https:\/\/macplasteringteam.co.uk\/ro\/wp-json\/wp\/v2\/pages\/11112\/revisions"}],"wp:attachment":[{"href":"https:\/\/macplasteringteam.co.uk\/ro\/wp-json\/wp\/v2\/media?parent=11112"}],"curies":[{"name":"wp","href":"https:\/\/api.w.org\/{rel}","templated":true}]}}