{"id":52,"date":"2023-04-13T20:28:06","date_gmt":"2023-04-13T18:28:06","guid":{"rendered":"https:\/\/macplasteringteam.co.uk\/?page_id=52"},"modified":"2023-09-20T12:10:44","modified_gmt":"2023-09-20T10:10:44","slug":"about-us","status":"publish","type":"page","link":"https:\/\/macplasteringteam.co.uk\/pl\/about-us\/","title":{"rendered":"O nas"},"content":{"rendered":"<div data-elementor-type=\"wp-page\" data-elementor-id=\"52\" class=\"elementor elementor-52\" data-elementor-post-type=\"page\">\n\t\t\t\t\t\t<section class=\"elementor-section elementor-top-section elementor-element elementor-element-9222d3d elementor-section-boxed elementor-section-height-default elementor-section-height-default tmpcoder-jarallax-no tmpcoder-parallax-no tmpcoder-particle-no tmpcoder-sticky-section-no\" data-id=\"9222d3d\" data-element_type=\"section\" data-e-type=\"section\">\n\t\t\t\t\t\t<div class=\"elementor-container elementor-column-gap-default\">\n\t\t\t\t\t<div class=\"elementor-column elementor-col-100 elementor-top-column elementor-element elementor-element-7292248\" data-id=\"7292248\" data-element_type=\"column\" data-e-type=\"column\">\n\t\t\t<div class=\"elementor-widget-wrap elementor-element-populated\">\n\t\t\t\t\t\t<div class=\"elementor-element elementor-element-1b41a5f elementor-widget elementor-widget-heading\" data-id=\"1b41a5f\" data-element_type=\"widget\" data-e-type=\"widget\" data-widget_type=\"heading.default\">\n\t\t\t\t<div class=\"elementor-widget-container\">\n\t\t\t\t\t<h2 class=\"elementor-heading-title elementor-size-default\">Dowiedz si\u0119 wi\u0119cej o nas<\/h2>\t\t\t\t<\/div>\n\t\t\t\t<\/div>\n\t\t\t\t\t<\/div>\n\t\t<\/div>\n\t\t\t\t\t<\/div>\n\t\t<\/section>\n\t\t\t\t<section class=\"elementor-section elementor-top-section elementor-element elementor-element-da67f3f elementor-section-full_width elementor-section-height-default elementor-section-height-default tmpcoder-jarallax-no tmpcoder-parallax-no tmpcoder-particle-no tmpcoder-sticky-section-no\" data-id=\"da67f3f\" data-element_type=\"section\" data-e-type=\"section\">\n\t\t\t\t\t\t<div class=\"elementor-container elementor-column-gap-default\">\n\t\t\t\t\t<div class=\"elementor-column elementor-col-100 elementor-top-column elementor-element elementor-element-9001140\" data-id=\"9001140\" data-element_type=\"column\" data-e-type=\"column\">\n\t\t\t<div class=\"elementor-widget-wrap elementor-element-populated\">\n\t\t\t\t\t\t<section class=\"elementor-section elementor-inner-section elementor-element elementor-element-d36ef40 elementor-section-boxed elementor-section-height-default elementor-section-height-default tmpcoder-jarallax-no tmpcoder-parallax-no tmpcoder-particle-no tmpcoder-sticky-section-no\" data-id=\"d36ef40\" data-element_type=\"section\" data-e-type=\"section\">\n\t\t\t\t\t\t<div class=\"elementor-container elementor-column-gap-default\">\n\t\t\t\t\t<div class=\"elementor-column elementor-col-50 elementor-inner-column elementor-element elementor-element-6c6e14e\" data-id=\"6c6e14e\" data-element_type=\"column\" data-e-type=\"column\">\n\t\t\t<div class=\"elementor-widget-wrap elementor-element-populated\">\n\t\t\t\t\t\t<div class=\"elementor-element elementor-element-11b9b84 elementor-widget elementor-widget-heading\" data-id=\"11b9b84\" data-element_type=\"widget\" data-e-type=\"widget\" data-widget_type=\"heading.default\">\n\t\t\t\t<div class=\"elementor-widget-container\">\n\t\t\t\t\t<h2 class=\"elementor-heading-title elementor-size-default\">Pocz\u0105tek<\/h2>\t\t\t\t<\/div>\n\t\t\t\t<\/div>\n\t\t\t\t<div class=\"elementor-element elementor-element-3dd1883 elementor-widget elementor-widget-image\" data-id=\"3dd1883\" data-element_type=\"widget\" data-e-type=\"widget\" data-widget_type=\"image.default\">\n\t\t\t\t<div class=\"elementor-widget-container\">\n\t\t\t\t\t\t\t\t\t\t\t\t\t\t\t<img fetchpriority=\"high\" decoding=\"async\" width=\"800\" height=\"124\" src=\"https:\/\/macplasteringteam.co.uk\/wp-content\/uploads\/2023\/04\/the-beginning.svg\" class=\"attachment-large size-large wp-image-163\" alt=\"\" title=\"\">\t\t\t\t\t\t\t\t\t\t\t\t\t\t\t<\/div>\n\t\t\t\t<\/div>\n\t\t\t\t<div class=\"elementor-element elementor-element-a4e3875 elementor-widget elementor-widget-text-editor\" data-id=\"a4e3875\" data-element_type=\"widget\" data-e-type=\"widget\" data-widget_type=\"text-editor.default\">\n\t\t\t\t<div class=\"elementor-widget-container\">\n\t\t\t\t\t\t\t\t\t<p>Zesp\u00f3\u0142 Mac Plastering powsta\u0142 w 2008 roku, gdy nasz za\u0142o\u017cyciel postanowi\u0142 zebra\u0107 ekip\u0119 profesjonalnych lokalnych tynkarzy w Londynie, z kt\u00f3rych wszyscy byli pasjonatami swojego zawodu. Z jednoosobowej dzia\u0142alno\u015bci firma rozros\u0142a si\u0119 do du\u017cego przedsi\u0119biorstwa, kt\u00f3rym jest dzisiaj.<\/p><p>Dzi\u0119ki poczuciu odpowiedzialno\u015bci i zaanga\u017cowaniu w ci\u0119\u017ck\u0105 prac\u0119 Mac zbudowa\u0142 firm\u0119 opart\u0105 na zaufaniu i stworzy\u0142 trwa\u0142e relacje zar\u00f3wno z pracownikami, jak i klientami. Z czasem wysoka jako\u015b\u0107 pracy zespo\u0142u Mac Plastering zrobi\u0142a wra\u017cenie na wi\u0119kszych firmach, co doprowadzi\u0142o do tego, \u017ce zostali\u015bmy zaproszeni do udzia\u0142u w bardziej z\u0142o\u017conych projektach na du\u017c\u0105 skal\u0119. Nie stracili\u015bmy jednak z oczu naszych prywatnych klient\u00f3w i mniejszych zlece\u0144, kt\u00f3re pozwoli\u0142y na rozw\u00f3j firmy. Wci\u0105\u017c zdajemy sobie spraw\u0119, \u017ce ludzie szukaj\u0105 lokalnych tynkarzy, kt\u00f3rzy s\u0105 polecani za wykonanie \u015bwietnej pracy. Dzi\u0119ki profesjonalnej za\u0142odze i dba\u0142o\u015bci o szczeg\u00f3\u0142y, wszystkie prace s\u0105 wykonywane na najwy\u017cszym poziomie.<\/p>\t\t\t\t\t\t\t\t<\/div>\n\t\t\t\t<\/div>\n\t\t\t\t<div class=\"elementor-element elementor-element-c065920 elementor-widget elementor-widget-video\" data-id=\"c065920\" data-element_type=\"widget\" data-e-type=\"widget\" data-settings=\"{&quot;youtube_url&quot;:&quot;https:\\\/\\\/youtu.be\\\/0VP1rH2nros&quot;,&quot;video_type&quot;:&quot;youtube&quot;,&quot;controls&quot;:&quot;yes&quot;}\" data-widget_type=\"video.default\">\n\t\t\t\t<div class=\"elementor-widget-container\">\n\t\t\t\t\t\t\t<div class=\"elementor-wrapper elementor-open-inline\">\n\t\t\t<div class=\"elementor-video\"><\/div>\t\t<\/div>\n\t\t\t\t\t\t<\/div>\n\t\t\t\t<\/div>\n\t\t\t\t<div class=\"elementor-element elementor-element-b8978c2 elementor-widget elementor-widget-heading\" data-id=\"b8978c2\" data-element_type=\"widget\" data-e-type=\"widget\" data-widget_type=\"heading.default\">\n\t\t\t\t<div class=\"elementor-widget-container\">\n\t\t\t\t\t<h2 class=\"elementor-heading-title elementor-size-default\">Zesp\u00f3\u0142<\/h2>\t\t\t\t<\/div>\n\t\t\t\t<\/div>\n\t\t\t\t<div class=\"elementor-element elementor-element-8c35b7c elementor-widget elementor-widget-image\" data-id=\"8c35b7c\" data-element_type=\"widget\" data-e-type=\"widget\" data-widget_type=\"image.default\">\n\t\t\t\t<div class=\"elementor-widget-container\">\n\t\t\t\t\t\t\t\t\t\t\t\t\t\t\t<img decoding=\"async\" width=\"800\" height=\"124\" src=\"https:\/\/macplasteringteam.co.uk\/wp-content\/uploads\/2023\/04\/the-team.svg\" class=\"attachment-large size-large wp-image-164\" alt=\"\" title=\"\">\t\t\t\t\t\t\t\t\t\t\t\t\t\t\t<\/div>\n\t\t\t\t<\/div>\n\t\t\t\t<div class=\"elementor-element elementor-element-a7235f9 elementor-widget elementor-widget-text-editor\" data-id=\"a7235f9\" data-element_type=\"widget\" data-e-type=\"widget\" data-widget_type=\"text-editor.default\">\n\t\t\t\t<div class=\"elementor-widget-container\">\n\t\t\t\t\t\t\t\t\t<p>Od samego pocz\u0105tku Mac zatrudnia\u0142 wy\u0142\u0105cznie rzemie\u015blnik\u00f3w z pasj\u0105 i zapa\u0142em potrzebnym do osi\u0105gni\u0119cia standard\u00f3w, kt\u00f3re pozostawiaj\u0105 innych w cieniu. Celem zespo\u0142u Mac Plastering zawsze by\u0142o traktowanie naszych klient\u00f3w indywidualnie - wk\u0142adanie serca, czasu i umiej\u0119tno\u015bci w ka\u017cdy projekt - a nasi pracownicy zawsze przestrzegaj\u0105 tej zasady.<\/p><p>Nie tylko zatrudniamy najlepszych lokalnych tynkarzy; my ich zatrzymujemy! Wszystkie osoby, kt\u00f3re zosta\u0142y pierwotnie zatrudnione, stanowi\u0105 obecnie silny zesp\u00f3\u0142 ci\u0119\u017cko pracuj\u0105cych, najlepszych tynkarzy, kt\u00f3rzy \u015bwiadcz\u0105 us\u0142ugi najwy\u017cszej jako\u015bci, kieruj\u0105c si\u0119 ca\u0142kowit\u0105 satysfakcj\u0105 klienta.<\/p><p>Zdajemy sobie spraw\u0119 ze znaczenia zadowolonych pracownik\u00f3w, a naszym celem jest, aby cz\u0142onkowie naszego zespo\u0142u rozwijali si\u0119 i rosn\u0119li wraz z nami. Najlepsi cz\u0142onkowie naszego zespo\u0142u awansowali na stanowiska kierownik\u00f3w, kt\u00f3rym powierzono kontrol\u0119 i nadz\u00f3r nad projektami, a tak\u017ce pomoc w szkoleniu nowych pracownik\u00f3w.<\/p>\t\t\t\t\t\t\t\t<\/div>\n\t\t\t\t<\/div>\n\t\t\t\t\t<\/div>\n\t\t<\/div>\n\t\t\t\t<div class=\"elementor-column elementor-col-50 elementor-inner-column elementor-element elementor-element-dea4aae\" data-id=\"dea4aae\" data-element_type=\"column\" data-e-type=\"column\">\n\t\t\t<div class=\"elementor-widget-wrap elementor-element-populated\">\n\t\t\t\t\t\t<div class=\"elementor-element elementor-element-438c3e2 elementor-widget elementor-widget-heading\" data-id=\"438c3e2\" data-element_type=\"widget\" data-e-type=\"widget\" data-widget_type=\"heading.default\">\n\t\t\t\t<div class=\"elementor-widget-container\">\n\t\t\t\t\t<h2 class=\"elementor-heading-title elementor-size-default\">Rozwijanie naszego zespo\u0142u lokalnych tynkarzy<\/h2>\t\t\t\t<\/div>\n\t\t\t\t<\/div>\n\t\t\t\t<div class=\"elementor-element elementor-element-8d6fa06 elementor-widget elementor-widget-image\" data-id=\"8d6fa06\" data-element_type=\"widget\" data-e-type=\"widget\" data-widget_type=\"image.default\">\n\t\t\t\t<div class=\"elementor-widget-container\">\n\t\t\t\t\t\t\t\t\t\t\t\t\t\t\t<img decoding=\"async\" width=\"800\" height=\"124\" src=\"https:\/\/macplasteringteam.co.uk\/wp-content\/uploads\/2023\/04\/growing-our-team.svg\" class=\"attachment-large size-large wp-image-165\" alt=\"\" title=\"\">\t\t\t\t\t\t\t\t\t\t\t\t\t\t\t<\/div>\n\t\t\t\t<\/div>\n\t\t\t\t<div class=\"elementor-element elementor-element-a93d5d3 elementor-widget elementor-widget-text-editor\" data-id=\"a93d5d3\" data-element_type=\"widget\" data-e-type=\"widget\" data-widget_type=\"text-editor.default\">\n\t\t\t\t<div class=\"elementor-widget-container\">\n\t\t\t\t\t\t\t\t\t<p>Wraz z rozwojem i rozpoznawalno\u015bci\u0105 firmy Mac Plastering przyszed\u0142 czas na stworzenie odpowiedniej marki i identyfikacji wizualnej. Zdecydowali\u015bmy, \u017ce to, co najlepiej reprezentuje nasze podej\u015bcie, to piramida. Dlaczego taki kszta\u0142t? Piramida symbolizuje najbardziej stabiln\u0105 konstrukcj\u0119 - z szerokimi fundamentami - i sugeruje ponadczasow\u0105 jako\u015b\u0107; co\u015b zbudowanego, aby trwa\u0107. Symbolizuje r\u00f3wnie\u017c pozytywn\u0105 energi\u0119 i ideologi\u0119 Mac Plastering - wspinanie si\u0119 na szczyt.<\/p>\t\t\t\t\t\t\t\t<\/div>\n\t\t\t\t<\/div>\n\t\t\t\t<div class=\"elementor-element elementor-element-e7a99cc elementor-widget elementor-widget-heading\" data-id=\"e7a99cc\" data-element_type=\"widget\" data-e-type=\"widget\" data-widget_type=\"heading.default\">\n\t\t\t\t<div class=\"elementor-widget-container\">\n\t\t\t\t\t<h2 class=\"elementor-heading-title elementor-size-default\">Budowanie prawdziwego zespo\u0142u<\/h2>\t\t\t\t<\/div>\n\t\t\t\t<\/div>\n\t\t\t\t<div class=\"elementor-element elementor-element-ea85a6f elementor-widget elementor-widget-image\" data-id=\"ea85a6f\" data-element_type=\"widget\" data-e-type=\"widget\" data-widget_type=\"image.default\">\n\t\t\t\t<div class=\"elementor-widget-container\">\n\t\t\t\t\t\t\t\t\t\t\t\t\t\t\t<img loading=\"lazy\" decoding=\"async\" width=\"800\" height=\"124\" src=\"https:\/\/macplasteringteam.co.uk\/wp-content\/uploads\/2023\/04\/building-a-true-team.svg\" class=\"attachment-large size-large wp-image-166\" alt=\"\" title=\"\">\t\t\t\t\t\t\t\t\t\t\t\t\t\t\t<\/div>\n\t\t\t\t<\/div>\n\t\t\t\t<div class=\"elementor-element elementor-element-ef5715b elementor-widget elementor-widget-text-editor\" data-id=\"ef5715b\" data-element_type=\"widget\" data-e-type=\"widget\" data-widget_type=\"text-editor.default\">\n\t\t\t\t<div class=\"elementor-widget-container\">\n\t\t\t\t\t\t\t\t\t<p>Jeste\u015bmy wysoce zmotywowanym, dobrze zorganizowanym i kreatywnym zespo\u0142em o wysokich standardach. Lubimy sprawdza\u0107 nawzajem swoj\u0105 prac\u0119, aby upewni\u0107 si\u0119, \u017ce wszyscy wnosimy sw\u00f3j wk\u0142ad i wykonujemy fantastyczn\u0105 prac\u0119 dla ka\u017cdego klienta. W ten spos\u00f3b budujemy zaufanie i relacje wymagane do doskona\u0142ej wsp\u00f3\u0142pracy ze wszystkimi klientami, z kt\u00f3rymi wsp\u00f3\u0142pracujemy. Przez lata Mac Plastering wsp\u00f3\u0142pracowa\u0142 z wieloma innymi firmami, w tym z TPLS Ceilings and Partitions Ltd, z kt\u00f3r\u0105 jeste\u015bmy silniejsi od 2008 roku.<\/p>\t\t\t\t\t\t\t\t<\/div>\n\t\t\t\t<\/div>\n\t\t\t\t<div class=\"elementor-element elementor-element-86208a5 elementor-widget elementor-widget-heading\" data-id=\"86208a5\" data-element_type=\"widget\" data-e-type=\"widget\" data-widget_type=\"heading.default\">\n\t\t\t\t<div class=\"elementor-widget-container\">\n\t\t\t\t\t<h2 class=\"elementor-heading-title elementor-size-default\">Lokalni tynkarze - du\u017ce projekty\n<\/h2>\t\t\t\t<\/div>\n\t\t\t\t<\/div>\n\t\t\t\t<div class=\"elementor-element elementor-element-edfb785 elementor-widget elementor-widget-image\" data-id=\"edfb785\" data-element_type=\"widget\" data-e-type=\"widget\" data-widget_type=\"image.default\">\n\t\t\t\t<div class=\"elementor-widget-container\">\n\t\t\t\t\t\t\t\t\t\t\t\t\t\t\t<img loading=\"lazy\" decoding=\"async\" width=\"800\" height=\"124\" src=\"https:\/\/macplasteringteam.co.uk\/wp-content\/uploads\/2023\/04\/local-plasterers.svg\" class=\"attachment-large size-large wp-image-167\" alt=\"\" title=\"\">\t\t\t\t\t\t\t\t\t\t\t\t\t\t\t<\/div>\n\t\t\t\t<\/div>\n\t\t\t\t<div class=\"elementor-element elementor-element-c1bf2f7 elementor-widget elementor-widget-text-editor\" data-id=\"c1bf2f7\" data-element_type=\"widget\" data-e-type=\"widget\" data-widget_type=\"text-editor.default\">\n\t\t\t\t<div class=\"elementor-widget-container\">\n\t\t\t\t\t\t\t\t\t<p>Zesp\u00f3\u0142 Mac Plastering pracowa\u0142 nad du\u017cymi i ma\u0142ymi projektami w Londynie i poza nim. Niekt\u00f3re z najwi\u0119kszych projekt\u00f3w obejmowa\u0142y:<\/p>\n<ul>\n<li>Louis Vuitton - Harrods<\/li>\n<li>Fitzroy Square - Londyn<\/li>\n<li>74 Avenue Road, St. John's Wood - Londyn<\/li>\n<li>North Brook College - Worthing<\/li>\n<li>City of London Freemen's School - Ashtead<\/li>\n<li>Galeria przy 103 New Bond Street - Londyn<\/li>\n<li>Obszar obs\u0142ugi autostrady Cobham - M25<\/li>\n<li>Prawdziwym wyzwaniem - ale i sukcesem - by\u0142 projekt Royal Chambers, Guernsey i Royal Terrace, Wyspy Normandzkie. W tych dw\u00f3ch budynkach wykonano ponad 25 000 m2 tynk\u00f3w!<\/li>\n<\/ul>\n<p>Kliknij link, aby zobaczy\u0107&nbsp;<a href=\"https:\/\/macplasteringteam.co.uk\/pl\/projects\/\" target=\"_blank\">Zdj\u0119cia przed i po<\/a>&nbsp;niekt\u00f3rych lokalnych projekt\u00f3w tynkarskich firmy Mac Plastering.<\/p>\t\t\t\t\t\t\t\t<\/div>\n\t\t\t\t<\/div>\n\t\t\t\t\t<\/div>\n\t\t<\/div>\n\t\t\t\t\t<\/div>\n\t\t<\/section>\n\t\t\t\t\t<\/div>\n\t\t<\/div>\n\t\t\t\t\t<\/div>\n\t\t<\/section>\n\t\t\t\t<\/div>","protected":false},"excerpt":{"rendered":"<p>Learn more about us The beginning The Mac Plastering team was formed in 2008 when our founder decided to assemble a crew of professional local plasterers in London, all of whom were passionate about their trade. From a one-man business it has grown to the large outfit that it is today. Thanks to his sense [&hellip;]<\/p>","protected":false},"author":1,"featured_media":0,"parent":0,"menu_order":0,"comment_status":"closed","ping_status":"closed","template":"","meta":{"footnotes":""},"class_list":["post-52","page","type-page","status-publish","hentry"],"rttpg_featured_image_url":null,"rttpg_author":{"display_name":"Admin","author_link":"https:\/\/macplasteringteam.co.uk\/pl\/author\/admin\/"},"rttpg_comment":0,"rttpg_category":null,"rttpg_excerpt":"Learn more about us The beginning The Mac Plastering team was formed in 2008 when our founder decided to assemble a crew of professional local plasterers in London, all of whom were passionate about their trade. From a one-man business it has grown to the large outfit that it is today. Thanks to his sense&hellip;","_links":{"self":[{"href":"https:\/\/macplasteringteam.co.uk\/pl\/wp-json\/wp\/v2\/pages\/52","targetHints":{"allow":["GET"]}}],"collection":[{"href":"https:\/\/macplasteringteam.co.uk\/pl\/wp-json\/wp\/v2\/pages"}],"about":[{"href":"https:\/\/macplasteringteam.co.uk\/pl\/wp-json\/wp\/v2\/types\/page"}],"author":[{"embeddable":true,"href":"https:\/\/macplasteringteam.co.uk\/pl\/wp-json\/wp\/v2\/users\/1"}],"replies":[{"embeddable":true,"href":"https:\/\/macplasteringteam.co.uk\/pl\/wp-json\/wp\/v2\/comments?post=52"}],"version-history":[{"count":8,"href":"https:\/\/macplasteringteam.co.uk\/pl\/wp-json\/wp\/v2\/pages\/52\/revisions"}],"predecessor-version":[{"id":11142,"href":"https:\/\/macplasteringteam.co.uk\/pl\/wp-json\/wp\/v2\/pages\/52\/revisions\/11142"}],"wp:attachment":[{"href":"https:\/\/macplasteringteam.co.uk\/pl\/wp-json\/wp\/v2\/media?parent=52"}],"curies":[{"name":"wp","href":"https:\/\/api.w.org\/{rel}","templated":true}]}}