{"id":11224,"date":"2024-01-02T17:58:55","date_gmt":"2024-01-02T16:58:55","guid":{"rendered":"https:\/\/macplasteringteam.co.uk\/?page_id=11224"},"modified":"2024-03-11T14:24:18","modified_gmt":"2024-03-11T13:24:18","slug":"plastering-prices","status":"publish","type":"page","link":"https:\/\/macplasteringteam.co.uk\/pl\/plastering-prices\/","title":{"rendered":"Ceny tynkowania w Londynie"},"content":{"rendered":"<div data-elementor-type=\"wp-page\" data-elementor-id=\"11224\" class=\"elementor elementor-11224\" data-elementor-post-type=\"page\">\n\t\t\t\t\t\t<section class=\"elementor-section elementor-top-section elementor-element elementor-element-2645b74 elementor-section-boxed elementor-section-height-default elementor-section-height-default tmpcoder-jarallax-no tmpcoder-parallax-no tmpcoder-particle-no tmpcoder-sticky-section-no\" data-id=\"2645b74\" data-element_type=\"section\" data-e-type=\"section\">\n\t\t\t\t\t\t<div class=\"elementor-container elementor-column-gap-default\">\n\t\t\t\t\t<div class=\"elementor-column elementor-col-66 elementor-top-column elementor-element elementor-element-dff5863\" data-id=\"dff5863\" data-element_type=\"column\" data-e-type=\"column\">\n\t\t\t<div class=\"elementor-widget-wrap elementor-element-populated\">\n\t\t\t\t\t\t<div class=\"elementor-element elementor-element-4b028b6 elementor-widget elementor-widget-heading\" data-id=\"4b028b6\" data-element_type=\"widget\" data-e-type=\"widget\" data-widget_type=\"heading.default\">\n\t\t\t\t<div class=\"elementor-widget-container\">\n\t\t\t\t\t<h1 class=\"elementor-heading-title elementor-size-default\">Ceny tynkowania w Londynie\n<\/h1>\t\t\t\t<\/div>\n\t\t\t\t<\/div>\n\t\t\t\t<div class=\"elementor-element elementor-element-849f773 elementor-widget elementor-widget-heading\" data-id=\"849f773\" data-element_type=\"widget\" data-e-type=\"widget\" data-widget_type=\"heading.default\">\n\t\t\t\t<div class=\"elementor-widget-container\">\n\t\t\t\t\t<h3 class=\"elementor-heading-title elementor-size-default\">Przejrzyste ceny tynkowania w Londynie: Kompleksowy przewodnik Mac Plastering Team<\/h3>\t\t\t\t<\/div>\n\t\t\t\t<\/div>\n\t\t\t\t<div class=\"elementor-element elementor-element-fbea3bb elementor-widget elementor-widget-text-editor\" data-id=\"fbea3bb\" data-element_type=\"widget\" data-e-type=\"widget\" data-widget_type=\"text-editor.default\">\n\t\t\t\t<div class=\"elementor-widget-container\">\n\t\t\t\t\t\t\t\t\t<p>Planujesz tynkowanie w Londynie i zastanawiasz si\u0119 nad kosztami? W Mac Plastering Team wierzymy w przejrzysto\u015b\u0107 i zapewnienie naszym klientom jasnego wgl\u0105du w nasz\u0105 struktur\u0119 cenow\u0105. W tym przewodniku przedstawiamy ceny tynkowania w Londynie, aby pom\u00f3c Ci podj\u0105\u0107 \u015bwiadome decyzje dotycz\u0105ce Twojego projektu.<\/p>\t\t\t\t\t\t\t\t<\/div>\n\t\t\t\t<\/div>\n\t\t\t\t<div class=\"elementor-element elementor-element-d9218c6 elementor-widget elementor-widget-text-editor\" data-id=\"d9218c6\" data-element_type=\"widget\" data-e-type=\"widget\" data-widget_type=\"text-editor.default\">\n\t\t\t\t<div class=\"elementor-widget-container\">\n\t\t\t\t\t\t\t\t\t<p><span style=\"font-weight: 400;\">Poni\u017cej znajduje si\u0119 og\u00f3lny zarys naszych cen tynkowania. Nale\u017cy pami\u0119ta\u0107, \u017ce s\u0105 to og\u00f3lne wytyczne i NIE stanowi\u0105 ostatecznej ceny. Ceny r\u00f3\u017cni\u0105 si\u0119 w zale\u017cno\u015bci od wielko\u015bci pomieszczenia i rodzaju u\u017cytych materia\u0142\u00f3w tynkarskich.<\/span><\/p>\t\t\t\t\t\t\t\t<\/div>\n\t\t\t\t<\/div>\n\t\t\t\t<div class=\"elementor-element elementor-element-8586061 elementor-widget elementor-widget-text-editor\" data-id=\"8586061\" data-element_type=\"widget\" data-e-type=\"widget\" data-widget_type=\"text-editor.default\">\n\t\t\t\t<div class=\"elementor-widget-container\">\n\t\t\t\t\t\t\t\t\t<p><strong>Przyk\u0142ady ma\u0142ych pomieszcze\u0144: <span style=\"font-weight: 400;\">Lobby, toaleta na dole, \u0142azienka itp.<\/span><\/strong><\/p><p><strong>Przyk\u0142ady \u015brednich pomieszcze\u0144: <span style=\"font-weight: 400;\">Pojedyncza sypialnia, rodzinna \u0142azienka itp.<\/span><\/strong><\/p><p><strong>Przyk\u0142ady du\u017cych pomieszcze\u0144: <span style=\"font-weight: 400;\">Salon, kuchnia, jadalnia itp.<\/span><\/strong><\/p><p><span style=\"font-weight: 400;\">Oto 3 najpopularniejsze rodzaje prac tynkarskich:<\/span><\/p>\t\t\t\t\t\t\t\t<\/div>\n\t\t\t\t<\/div>\n\t\t\t\t<div class=\"elementor-element elementor-element-6df62e1 elementor-widget elementor-widget-heading\" data-id=\"6df62e1\" data-element_type=\"widget\" data-e-type=\"widget\" data-widget_type=\"heading.default\">\n\t\t\t\t<div class=\"elementor-widget-container\">\n\t\t\t\t\t<h3 class=\"elementor-heading-title elementor-size-default\">Ceny ponownego tynkowania \u015bcian\n<\/h3>\t\t\t\t<\/div>\n\t\t\t\t<\/div>\n\t\t\t\t<div class=\"elementor-element elementor-element-ae802ec elementor-widget elementor-widget-text-editor\" data-id=\"ae802ec\" data-element_type=\"widget\" data-e-type=\"widget\" data-widget_type=\"text-editor.default\">\n\t\t\t\t<div class=\"elementor-widget-container\">\n\t\t\t\t\t\t\t\t\t<p><span style=\"font-weight: 400;\">Obejmuje to odt\u0142uszczanie oryginalnego tynku w celu poprawy wyko\u0144czenia.<\/span><\/p><ul><li style=\"font-weight: 400;\" aria-level=\"1\"><span style=\"font-weight: 400;\">Ma\u0142e pokoje kosztuj\u0105 oko\u0142o 450-600 funt\u00f3w.<\/span><\/li><li style=\"font-weight: 400;\" aria-level=\"1\"><span style=\"font-weight: 400;\">\u015aredniej wielko\u015bci pokoje kosztuj\u0105 oko\u0142o 600-800 funt\u00f3w.<\/span><\/li><li style=\"font-weight: 400;\" aria-level=\"1\"><span style=\"font-weight: 400;\">Du\u017ce pokoje kosztuj\u0105 oko\u0142o 800 GBP plus.<\/span><\/li><\/ul>\t\t\t\t\t\t\t\t<\/div>\n\t\t\t\t<\/div>\n\t\t\t\t<div class=\"elementor-element elementor-element-eab4d3e elementor-widget elementor-widget-heading\" data-id=\"eab4d3e\" data-element_type=\"widget\" data-e-type=\"widget\" data-widget_type=\"heading.default\">\n\t\t\t\t<div class=\"elementor-widget-container\">\n\t\t\t\t\t<h3 class=\"elementor-heading-title elementor-size-default\">Ceny \u015bwie\u017cego tynku<\/h3>\t\t\t\t<\/div>\n\t\t\t\t<\/div>\n\t\t\t\t<div class=\"elementor-element elementor-element-59af90c elementor-widget elementor-widget-text-editor\" data-id=\"59af90c\" data-element_type=\"widget\" data-e-type=\"widget\" data-widget_type=\"text-editor.default\">\n\t\t\t\t<div class=\"elementor-widget-container\">\n\t\t\t\t\t\t\t\t\t<p><span style=\"font-weight: 400;\">Wi\u0105\u017ce si\u0119 to z usuni\u0119ciem starego tynku, co cz\u0119sto obejmuje r\u00f3wnie\u017c suche tynki.<\/span><\/p><ul><li style=\"font-weight: 400;\" aria-level=\"1\"><span style=\"font-weight: 400;\">Ma\u0142e pokoje kosztuj\u0105 oko\u0142o 1000 GBP plus.<\/span><\/li><li style=\"font-weight: 400;\" aria-level=\"1\"><span style=\"font-weight: 400;\">\u015aredniej wielko\u015bci pokoje kosztuj\u0105 oko\u0142o 1500 GBP plus.<\/span><\/li><li style=\"font-weight: 400;\" aria-level=\"1\"><span style=\"font-weight: 400;\">Du\u017ce pokoje kosztuj\u0105 oko\u0142o 2000 GBP plus.<\/span><\/li><\/ul>\t\t\t\t\t\t\t\t<\/div>\n\t\t\t\t<\/div>\n\t\t\t\t<div class=\"elementor-element elementor-element-a61ba23 elementor-widget elementor-widget-heading\" data-id=\"a61ba23\" data-element_type=\"widget\" data-e-type=\"widget\" data-widget_type=\"heading.default\">\n\t\t\t\t<div class=\"elementor-widget-container\">\n\t\t\t\t\t<h3 class=\"elementor-heading-title elementor-size-default\">Ceny sufit\u00f3w gipsowych:<\/h3>\t\t\t\t<\/div>\n\t\t\t\t<\/div>\n\t\t\t\t<div class=\"elementor-element elementor-element-ea7d286 elementor-widget elementor-widget-text-editor\" data-id=\"ea7d286\" data-element_type=\"widget\" data-e-type=\"widget\" data-widget_type=\"text-editor.default\">\n\t\t\t\t<div class=\"elementor-widget-container\">\n\t\t\t\t\t\t\t\t\t<p><span style=\"font-weight: 400;\">Tynkowanie sufit\u00f3w to do\u015b\u0107 ci\u0119\u017cka praca i nie nale\u017cy si\u0119 z ni\u0105 spieszy\u0107.<\/span><\/p><ul><li style=\"font-weight: 400;\" aria-level=\"1\"><span style=\"font-weight: 400;\">Ma\u0142e pokoje kosztuj\u0105 oko\u0142o 450-550 GBP.<\/span><\/li><li style=\"font-weight: 400;\" aria-level=\"1\"><span style=\"font-weight: 400;\">\u015aredniej wielko\u015bci pokoje kosztuj\u0105 oko\u0142o 500-600 funt\u00f3w.<\/span><\/li><li style=\"font-weight: 400;\" aria-level=\"1\"><span style=\"font-weight: 400;\">Du\u017ce pokoje kosztuj\u0105 oko\u0142o 700 GBP plus.<\/span><\/li><\/ul>\t\t\t\t\t\t\t\t<\/div>\n\t\t\t\t<\/div>\n\t\t\t\t<div class=\"elementor-element elementor-element-b8c7b15 elementor-widget elementor-widget-text-editor\" data-id=\"b8c7b15\" data-element_type=\"widget\" data-e-type=\"widget\" data-widget_type=\"text-editor.default\">\n\t\t\t\t<div class=\"elementor-widget-container\">\n\t\t\t\t\t\t\t\t\t<p><span style=\"font-weight: 400;\">Je\u015bli rodzaj tynkowania, kt\u00f3rego potrzebujesz, nie jest wymieniony powy\u017cej, skontaktuj si\u0119 z nami, aby uzyska\u0107 wi\u0119cej informacji. Alternatywnie, prosimy o zapoznanie si\u0119 z nasz\u0105 <\/span><span style=\"color: #333399;\"><a style=\"color: #333399; text-decoration: underline;\" href=\"https:\/\/macplasteringteam.co.uk\/pl\/\"><span style=\"font-weight: 400;\">us\u0142ugi tynkarskie<\/span><\/a><\/span><span style=\"font-weight: 400;\"> strona.<\/span><\/p>\t\t\t\t\t\t\t\t<\/div>\n\t\t\t\t<\/div>\n\t\t\t\t<div class=\"elementor-element elementor-element-3410ba9 elementor-widget elementor-widget-heading\" data-id=\"3410ba9\" data-element_type=\"widget\" data-e-type=\"widget\" data-widget_type=\"heading.default\">\n\t\t\t\t<div class=\"elementor-widget-container\">\n\t\t\t\t\t<h3 class=\"elementor-heading-title elementor-size-default\">Czynniki wp\u0142ywaj\u0105ce na ceny tynk\u00f3w:\n<\/h3>\t\t\t\t<\/div>\n\t\t\t\t<\/div>\n\t\t\t\t<div class=\"elementor-element elementor-element-646ee64 elementor-widget elementor-widget-text-editor\" data-id=\"646ee64\" data-element_type=\"widget\" data-e-type=\"widget\" data-widget_type=\"text-editor.default\">\n\t\t\t\t<div class=\"elementor-widget-container\">\n\t\t\t\t\t\t\t\t\t<ol><li><p><strong>Rodzaj tynkowania:<\/strong><\/p><ul><li>R\u00f3\u017cne techniki tynkowania wi\u0105\u017c\u0105 si\u0119 z r\u00f3\u017cnymi kosztami. Niezale\u017cnie od tego, czy decydujesz si\u0119 na tradycyjne tynkowanie, skimming czy dekoracyjne wyko\u0144czenia, zrozumienie konkretnego rodzaju wymaganego tynkowania wp\u0142ynie na og\u00f3ln\u0105 cen\u0119.<\/li><\/ul><\/li><li><p><strong>Powierzchnia:<\/strong><\/p><ul><li>Wielko\u015b\u0107 powierzchni do otynkowania jest istotnym czynnikiem. Wi\u0119ksze przestrzenie wymagaj\u0105 oczywi\u015bcie wi\u0119cej materia\u0142\u00f3w i pracy, co wp\u0142ywa na ca\u0142kowity koszt.<\/li><\/ul><\/li><li><p><strong>Stan powierzchni:<\/strong><\/p><ul><li>Stan powierzchni odgrywa rol\u0119 w okre\u015blaniu zakresu niezb\u0119dnych przygotowa\u0144. Naprawa uszkodzonych lub nier\u00f3wnych powierzchni mo\u017ce wi\u0105za\u0107 si\u0119 z dodatkowymi kosztami.<\/li><\/ul><\/li><li><p><strong>U\u017cyte materia\u0142y:<\/strong><\/p><ul><li>Jako\u015b\u0107 materia\u0142\u00f3w tynkarskich mo\u017ce mie\u0107 wp\u0142yw na ostateczny koszt. U\u017cywamy materia\u0142\u00f3w najwy\u017cszej jako\u015bci, aby zapewni\u0107 wysokiej jako\u015bci wyko\u0144czenie, kt\u00f3re przetrwa pr\u00f3b\u0119 czasu.<\/li><\/ul><\/li><li><p><strong>Dost\u0119pno\u015b\u0107:<\/strong><\/p><ul><li>Czynniki takie jak lokalizacja i dost\u0119pno\u015b\u0107 miejsca projektu mog\u0105 mie\u0107 wp\u0142yw na ceny. Projekty w trudno dost\u0119pnych obszarach mog\u0105 wymaga\u0107 dodatkowych rozwa\u017ca\u0144<\/li><\/ul><\/li><\/ol>\t\t\t\t\t\t\t\t<\/div>\n\t\t\t\t<\/div>\n\t\t\t\t<div class=\"elementor-element elementor-element-78a0a2c elementor-widget elementor-widget-heading\" data-id=\"78a0a2c\" data-element_type=\"widget\" data-e-type=\"widget\" data-widget_type=\"heading.default\">\n\t\t\t\t<div class=\"elementor-widget-container\">\n\t\t\t\t\t<h3 class=\"elementor-heading-title elementor-size-default\">Przejrzyste podej\u015bcie cenowe Mac Plastering Team:<\/h3>\t\t\t\t<\/div>\n\t\t\t\t<\/div>\n\t\t\t\t<div class=\"elementor-element elementor-element-6924dfb elementor-widget elementor-widget-text-editor\" data-id=\"6924dfb\" data-element_type=\"widget\" data-e-type=\"widget\" data-widget_type=\"text-editor.default\">\n\t\t\t\t<div class=\"elementor-widget-container\">\n\t\t\t\t\t\t\t\t\t<ol><li><p><strong>Szczeg\u00f3\u0142owe cytaty:<\/strong><\/p><ul><li>Zapewniamy szczeg\u00f3\u0142owe, szczeg\u00f3\u0142owe wyceny okre\u015blaj\u0105ce koszt robocizny, materia\u0142\u00f3w i wszelkich dodatkowych us\u0142ug wymaganych dla konkretnego projektu.<\/li><\/ul><\/li><li><p><strong>Konkurencyjne stawki:<\/strong><\/p><ul><li>Nasze ceny s\u0105 konkurencyjne i odzwierciedlaj\u0105 stawki rynkowe za najwy\u017cszej jako\u015bci us\u0142ugi tynkarskie w Londynie. Zapewniamy doskona\u0142\u0105 warto\u015b\u0107 inwestycji.<\/li><\/ul><\/li><li><p><strong>Brak ukrytych op\u0142at:<\/strong><\/p><ul><li>W Mac Plastering Team wierzymy w uczciwo\u015b\u0107 i przejrzysto\u015b\u0107. Nasze wyceny obejmuj\u0105 wszystkie przewidywalne koszty i nie zaskakujemy naszych klient\u00f3w ukrytymi op\u0142atami.<\/li><\/ul><\/li><li><p><strong>Rozwi\u0105zania niestandardowe:<\/strong><\/p><ul><li>Ka\u017cdy projekt jest wyj\u0105tkowy, a nasze ceny odzwierciedlaj\u0105 oferowane przez nas niestandardowe rozwi\u0105zania. \u015aci\u015ble wsp\u00f3\u0142pracujemy z klientami, aby zrozumie\u0107 ich potrzeby i zapewni\u0107 dok\u0142adne wyceny dostosowane do ich wymaga\u0144.<\/li><\/ul><\/li><\/ol>\t\t\t\t\t\t\t\t<\/div>\n\t\t\t\t<\/div>\n\t\t\t\t\t<\/div>\n\t\t<\/div>\n\t\t\t\t<div class=\"elementor-column elementor-col-33 elementor-top-column elementor-element elementor-element-7d16cce\" data-id=\"7d16cce\" data-element_type=\"column\" data-e-type=\"column\">\n\t\t\t<div class=\"elementor-widget-wrap elementor-element-populated\">\n\t\t\t\t\t\t<div class=\"elementor-element elementor-element-2ec2a46 elementor-widget elementor-widget-heading\" data-id=\"2ec2a46\" data-element_type=\"widget\" data-e-type=\"widget\" data-widget_type=\"heading.default\">\n\t\t\t\t<div class=\"elementor-widget-container\">\n\t\t\t\t\t<h2 class=\"elementor-heading-title elementor-size-default\"> Wycena<\/h2>\t\t\t\t<\/div>\n\t\t\t\t<\/div>\n\t\t\t\t<div class=\"elementor-element elementor-element-5cd10e1 elementor-widget elementor-widget-text-editor\" data-id=\"5cd10e1\" data-element_type=\"widget\" data-e-type=\"widget\" data-widget_type=\"text-editor.default\">\n\t\t\t\t<div class=\"elementor-widget-container\">\n\t\t\t\t\t\t\t\t\t<p>Uzyskaj szybk\u0105 wycen\u0119 od Mac Construction and Plastering Ltd., wiod\u0105cej londy\u0144skiej firmy tynkarskiej.\u00a0<\/p>\t\t\t\t\t\t\t\t<\/div>\n\t\t\t\t<\/div>\n\t\t\t\t<div class=\"elementor-element elementor-element-5cf7e45 elementor-button-align-stretch elementor-widget elementor-widget-form\" data-id=\"5cf7e45\" data-element_type=\"widget\" data-e-type=\"widget\" data-settings=\"{&quot;step_next_label&quot;:&quot;Next&quot;,&quot;step_previous_label&quot;:&quot;Previous&quot;,&quot;button_width&quot;:&quot;100&quot;,&quot;step_type&quot;:&quot;number_text&quot;,&quot;step_icon_shape&quot;:&quot;circle&quot;}\" data-widget_type=\"form.default\">\n\t\t\t\t<div class=\"elementor-widget-container\">\n\t\t\t\t\t\t\t<form class=\"elementor-form\" method=\"post\" name=\"New Form\" aria-label=\"New Form\" action=\"\">\n\t\t\t<input type=\"hidden\" name=\"post_id\" value=\"11224\"\/>\n\t\t\t<input type=\"hidden\" name=\"form_id\" value=\"5cf7e45\"\/>\n\t\t\t<input type=\"hidden\" name=\"referer_title\" value=\"Plastering prices London - Mac Plastering Team\" \/>\n\n\t\t\t\t\t\t\t<input type=\"hidden\" name=\"queried_id\" value=\"11224\"\/>\n\t\t\t\n\t\t\t<div class=\"elementor-form-fields-wrapper elementor-labels-above\">\n\t\t\t\t\t\t\t\t<div class=\"elementor-field-type-text elementor-field-group elementor-column elementor-field-group-name elementor-col-100\">\n\t\t\t\t\t\t\t\t\t\t\t\t\t<input size=\"1\" type=\"text\" name=\"form_fields[name]\" id=\"form-field-name\" class=\"elementor-field elementor-size-sm  elementor-field-textual\" placeholder=\"Numer telefonu\">\n\t\t\t\t\t\t\t\t\t\t\t<\/div>\n\t\t\t\t\t\t\t\t<div class=\"elementor-field-type-email elementor-field-group elementor-column elementor-field-group-email elementor-col-100 elementor-field-required\">\n\t\t\t\t\t\t\t\t\t\t\t\t\t<input size=\"1\" type=\"email\" name=\"form_fields[email]\" id=\"form-field-email\" class=\"elementor-field elementor-size-sm  elementor-field-textual\" placeholder=\"E-mail\" required=\"required\">\n\t\t\t\t\t\t\t\t\t\t\t<\/div>\n\t\t\t\t\t\t\t\t<div class=\"elementor-field-type-textarea elementor-field-group elementor-column elementor-field-group-message elementor-col-100\">\n\t\t\t\t\t<textarea class=\"elementor-field-textual elementor-field  elementor-size-sm\" name=\"form_fields[message]\" id=\"form-field-message\" rows=\"2\" placeholder=\"Szczeg\u00f3\u0142y pracy.\"><\/textarea>\t\t\t\t<\/div>\n\t\t\t\t\t\t\t\t<div class=\"elementor-field-type-text elementor-field-group elementor-column elementor-field-group-field_961aa4d elementor-col-100\">\n\t\t\t\t\t\t\t\t\t\t\t\t\t<input size=\"1\" type=\"text\" name=\"form_fields[field_961aa4d]\" id=\"form-field-field_961aa4d\" class=\"elementor-field elementor-size-sm  elementor-field-textual\" placeholder=\"Kod stanowiska pracy\">\n\t\t\t\t\t\t\t\t\t\t\t<\/div>\n\t\t\t\t\t\t\t\t<div class=\"elementor-field-type-checkbox elementor-field-group elementor-column elementor-field-group-field_54205bf elementor-col-100\">\n\t\t\t\t\t<div class=\"elementor-field-subgroup\"><span class=\"elementor-field-option\"><input type=\"checkbox\" value=\"I accept my data to be used to process this enquiry.\" id=\"form-field-field_54205bf-0\" name=\"form_fields[field_54205bf]\"> <label for=\"form-field-field_54205bf-0\">Wyra\u017cam zgod\u0119 na wykorzystanie moich danych w celu przetworzenia tego zapytania.<\/label><\/span><\/div>\t\t\t\t<\/div>\n\t\t\t\t\t\t\t\t<div class=\"elementor-field-type-recaptcha elementor-field-group elementor-column elementor-field-group-field_553cc31 elementor-col-100\">\n\t\t\t\t\t<div class=\"elementor-field\" id=\"form-field-field_553cc31\"><div class=\"elementor-g-recaptcha\" data-sitekey=\"6LeNhzgmAAAAAMnVakngGnpdm-Whx5z7ud2a8G6p\" data-type=\"v2_checkbox\" data-theme=\"light\" data-size=\"normal\"><\/div><\/div>\t\t\t\t<\/div>\n\t\t\t\t\t\t\t\t<div class=\"elementor-field-group elementor-column elementor-field-type-submit elementor-col-100 e-form__buttons\">\n\t\t\t\t\t<button class=\"elementor-button elementor-size-sm\" type=\"submit\">\n\t\t\t\t\t\t<span class=\"elementor-button-content-wrapper\">\n\t\t\t\t\t\t\t\t\t\t\t\t\t\t\t\t\t\t\t\t\t\t<span class=\"elementor-button-text\">Wy\u015blij<\/span>\n\t\t\t\t\t\t\t\t\t\t\t\t\t<\/span>\n\t\t\t\t\t<\/button>\n\t\t\t\t<\/div>\n\t\t\t<\/div>\n\t\t<input type=\"hidden\" name=\"trp-form-language\" value=\"pl\"\/><\/form>\n\t\t\t\t\t\t<\/div>\n\t\t\t\t<\/div>\n\t\t\t\t<div class=\"elementor-element elementor-element-b2b6ff6 elementor-widget elementor-widget-image\" data-id=\"b2b6ff6\" data-element_type=\"widget\" data-e-type=\"widget\" data-widget_type=\"image.default\">\n\t\t\t\t<div class=\"elementor-widget-container\">\n\t\t\t\t\t\t\t\t\t\t\t\t\t\t\t<img fetchpriority=\"high\" decoding=\"async\" width=\"800\" height=\"533\" src=\"https:\/\/macplasteringteam.co.uk\/wp-content\/uploads\/2023\/04\/35_kingston_1_-1.jpg\" class=\"attachment-large size-large wp-image-418\" alt=\"\" srcset=\"https:\/\/macplasteringteam.co.uk\/wp-content\/uploads\/2023\/04\/35_kingston_1_-1.jpg 800w, https:\/\/macplasteringteam.co.uk\/wp-content\/uploads\/2023\/04\/35_kingston_1_-1-300x200.jpg 300w, https:\/\/macplasteringteam.co.uk\/wp-content\/uploads\/2023\/04\/35_kingston_1_-1-768x512.jpg 768w\" sizes=\"(max-width: 800px) 100vw, 800px\" title=\"\">\t\t\t\t\t\t\t\t\t\t\t\t\t\t\t<\/div>\n\t\t\t\t<\/div>\n\t\t\t\t<div class=\"elementor-element elementor-element-cf99835 elementor-widget elementor-widget-image\" data-id=\"cf99835\" data-element_type=\"widget\" data-e-type=\"widget\" data-widget_type=\"image.default\">\n\t\t\t\t<div class=\"elementor-widget-container\">\n\t\t\t\t\t\t\t\t\t\t\t\t\t\t\t<img decoding=\"async\" width=\"300\" height=\"200\" src=\"https:\/\/macplasteringteam.co.uk\/wp-content\/uploads\/2024\/03\/38.jpg\" class=\"attachment-large size-large wp-image-11461\" alt=\"\" title=\"\">\t\t\t\t\t\t\t\t\t\t\t\t\t\t\t<\/div>\n\t\t\t\t<\/div>\n\t\t\t\t\t<\/div>\n\t\t<\/div>\n\t\t\t\t\t<\/div>\n\t\t<\/section>\n\t\t\t\t<section class=\"elementor-section elementor-top-section elementor-element elementor-element-d9aa4b2 elementor-section-boxed elementor-section-height-default elementor-section-height-default tmpcoder-jarallax-no tmpcoder-parallax-no tmpcoder-particle-no tmpcoder-sticky-section-no\" data-id=\"d9aa4b2\" data-element_type=\"section\" data-e-type=\"section\">\n\t\t\t\t\t\t<div class=\"elementor-container elementor-column-gap-default\">\n\t\t\t\t\t<div class=\"elementor-column elementor-col-100 elementor-top-column elementor-element elementor-element-9e213e8\" data-id=\"9e213e8\" data-element_type=\"column\" data-e-type=\"column\">\n\t\t\t<div class=\"elementor-widget-wrap elementor-element-populated\">\n\t\t\t\t\t\t<div class=\"elementor-element elementor-element-7387713 elementor-widget elementor-widget-heading\" data-id=\"7387713\" data-element_type=\"widget\" data-e-type=\"widget\" data-widget_type=\"heading.default\">\n\t\t\t\t<div class=\"elementor-widget-container\">\n\t\t\t\t\t<h3 class=\"elementor-heading-title elementor-size-default\">Uzyskaj spersonalizowan\u0105 wycen\u0119 ju\u017c dzi\u015b:<\/h3>\t\t\t\t<\/div>\n\t\t\t\t<\/div>\n\t\t\t\t<div class=\"elementor-element elementor-element-58671ac elementor-widget elementor-widget-text-editor\" data-id=\"58671ac\" data-element_type=\"widget\" data-e-type=\"widget\" data-widget_type=\"text-editor.default\">\n\t\t\t\t<div class=\"elementor-widget-container\">\n\t\t\t\t\t\t\t\t\t<p>Gotowy do przekszta\u0142cenia swojej przestrzeni dzi\u0119ki profesjonalnym us\u0142ugom tynkarskim w Londynie? Skontaktuj si\u0119 z zespo\u0142em Mac Plastering, aby uzyska\u0107 spersonalizowan\u0105 wycen\u0119. Nasz zesp\u00f3\u0142 dok\u0142ada wszelkich stara\u0144, aby zapewni\u0107 Ci jasne zrozumienie cen tynkowania, co pozwoli Ci dzia\u0142a\u0107 z pewno\u015bci\u0105 i spokojem. Wybierz przejrzysto\u015b\u0107, wybierz jako\u015b\u0107 - wybierz Mac Plastering Team do nast\u0119pnego projektu.<\/p>\t\t\t\t\t\t\t\t<\/div>\n\t\t\t\t<\/div>\n\t\t\t\t\t<\/div>\n\t\t<\/div>\n\t\t\t\t\t<\/div>\n\t\t<\/section>\n\t\t\t\t<\/div>","protected":false},"excerpt":{"rendered":"<p>Plastering prices London Transparent Plastering Prices in London: Mac Plastering Team&#8217;s Comprehensive Guide Are you planning a plastering project in London and wondering about the costs involved? At Mac Plastering Team, we believe in transparency and providing our clients with clear insights into our pricing structure. In this guide, we break down plastering prices in [&hellip;]<\/p>","protected":false},"author":1,"featured_media":0,"parent":0,"menu_order":0,"comment_status":"closed","ping_status":"closed","template":"","meta":{"footnotes":""},"class_list":["post-11224","page","type-page","status-publish","hentry"],"rttpg_featured_image_url":null,"rttpg_author":{"display_name":"Admin","author_link":"https:\/\/macplasteringteam.co.uk\/pl\/author\/admin\/"},"rttpg_comment":0,"rttpg_category":null,"rttpg_excerpt":"Plastering prices London Transparent Plastering Prices in London: Mac Plastering Team&#8217;s Comprehensive Guide Are you planning a plastering project in London and wondering about the costs involved? At Mac Plastering Team, we believe in transparency and providing our clients with clear insights into our pricing structure. In this guide, we break down plastering prices in&hellip;","_links":{"self":[{"href":"https:\/\/macplasteringteam.co.uk\/pl\/wp-json\/wp\/v2\/pages\/11224","targetHints":{"allow":["GET"]}}],"collection":[{"href":"https:\/\/macplasteringteam.co.uk\/pl\/wp-json\/wp\/v2\/pages"}],"about":[{"href":"https:\/\/macplasteringteam.co.uk\/pl\/wp-json\/wp\/v2\/types\/page"}],"author":[{"embeddable":true,"href":"https:\/\/macplasteringteam.co.uk\/pl\/wp-json\/wp\/v2\/users\/1"}],"replies":[{"embeddable":true,"href":"https:\/\/macplasteringteam.co.uk\/pl\/wp-json\/wp\/v2\/comments?post=11224"}],"version-history":[{"count":25,"href":"https:\/\/macplasteringteam.co.uk\/pl\/wp-json\/wp\/v2\/pages\/11224\/revisions"}],"predecessor-version":[{"id":11468,"href":"https:\/\/macplasteringteam.co.uk\/pl\/wp-json\/wp\/v2\/pages\/11224\/revisions\/11468"}],"wp:attachment":[{"href":"https:\/\/macplasteringteam.co.uk\/pl\/wp-json\/wp\/v2\/media?parent=11224"}],"curies":[{"name":"wp","href":"https:\/\/api.w.org\/{rel}","templated":true}]}}