{"id":11112,"date":"2023-08-15T14:32:59","date_gmt":"2023-08-15T12:32:59","guid":{"rendered":"https:\/\/macplasteringteam.co.uk\/plasterer-west-hampstead\/"},"modified":"2023-08-15T14:32:59","modified_gmt":"2023-08-15T12:32:59","slug":"plasterer-west-hampstead","status":"publish","type":"page","link":"https:\/\/macplasteringteam.co.uk\/pl\/plasterer-west-hampstead\/","title":{"rendered":"Tynkarz West Hampstead"},"content":{"rendered":"<style>\/*! elementor - v3.15.0 - 09-08-2023 *\/<br \/>.elementor-heading-title{padding:0;margin:0;line-height:1}.elementor-widget-heading .elementor-heading-title[class*=elementor-size-]>a{color:inherit;font-size:inherit;line-height:inherit}.elementor-widget-heading .elementor-heading-title.elementor-size-small{font-size:15px}.elementor-widget-heading .elementor-heading-title.elementor-size-medium{font-size:19px}.elementor-widget-heading .elementor-heading-title.elementor-size-large{font-size:29px}.elementor-widget-heading .elementor-heading-title.elementor-size-xl{font-size:39px}.elementor-widget-heading .elementor-heading-title.elementor-size-xxl{font-size:59px}<\/style>\n<h1>Tynkarz w West Hampstead - Wykonawca rob\u00f3t tynkarskich<\/h1>\n<p>Tynkowanie w West Hampstead, Witamy na pok\u0142adzie Mac Plastering Team, wyr\u00f3\u017cniaj\u0105cego si\u0119 dostawcy profesjonalnych us\u0142ug tynkarskich w West Hampstead, posiadaj\u0105cego 16-letnie do\u015bwiadczenie w bran\u017cy. Specjalizuj\u0105c si\u0119 w wysokiej jako\u015bci us\u0142ugach tynkarskich, obs\u0142ugujemy rozleg\u0142\u0105 baz\u0119 klient\u00f3w obejmuj\u0105c\u0105 zar\u00f3wno sektory mieszkaniowe, jak i komercyjne w ca\u0142ym West Hampstead.<\/p>\n<h2>Dlaczego warto wsp\u00f3\u0142pracowa\u0107 z Mac Plastering?<\/h2>\n<p>Mac Plastering Team jest niez\u0142omny w swoim zaanga\u017cowaniu w dostarczanie najwy\u017cszej jako\u015bci us\u0142ug tynkarskich w West Hampstead. Nasza reputacja, zbudowana na serii pomy\u015blnie zrealizowanych projekt\u00f3w i pochwa\u0142 od naszych zadowolonych klient\u00f3w, jest \u015bwiadectwem jako\u015bci naszych us\u0142ug. Po\u015bwi\u0119camy si\u0119 ka\u017cdemu projektowi, du\u017cemu czy ma\u0142emu, traktuj\u0105c ka\u017cdy z r\u00f3wn\u0105 uwag\u0105 i precyzj\u0105.<\/p>\n<h2>Spektrum mieszkaniowych i komercyjnych us\u0142ug tynkarskich w West Hampstead<\/h2>\n<p>Niezale\u017cnie od tego, czy chodzi o remont domu, modernizacj\u0119 mieszkania, modernizacj\u0119 biura czy renowacj\u0119 powierzchni komercyjnej, posiadamy umiej\u0119tno\u015bci i wiedz\u0119, aby spe\u0142ni\u0107 wszystkie Twoje potrzeby w zakresie tynkowania. Nasze kompleksowe us\u0142ugi obejmuj\u0105:<\/p>\n<ul>\n<li>Rozwi\u0105zania tynkarskie dla mieszka\u0144, dom\u00f3w i apartament\u00f3w<\/li>\n<li>Specjalistyczne tynkowanie \u0142azienek i kuchni<\/li>\n<li>Tynkowanie pomieszcze\u0144 biurowych i handlowych<\/li>\n<li>Konwersje poddaszy, nowe budynki i tynkowanie \u015bcian dzia\u0142owych<\/li>\n<li>Tynkowanie przebudowy gara\u017cu<\/li>\n<li>Tynkowanie maszynowe<\/li>\n<li>Tynkowanie przy rozbudowach i ogrodach zimowych<\/li>\n<li>Rozwi\u0105zania tynkarskie na zam\u00f3wienie<\/li>\n<\/ul>\n<p>Uznaj\u0105c, \u017ce ka\u017cdy projekt tynkowania ma unikalne wymagania, stosujemy podej\u015bcie indywidualne, a nie og\u00f3lne. Nasz zesp\u00f3\u0142 do\u015bwiadczonych profesjonalist\u00f3w przeprowadzi dok\u0142adn\u0105 ocen\u0119 Twojej lokalizacji, zaoferuje fachowe porady dostosowane do Twoich konkretnych potrzeb, bior\u0105c pod uwag\u0119 stan Twoich powierzchni i pod\u0142o\u017cy. Ponadto dostosowujemy nasze wysokiej jako\u015bci us\u0142ugi tynkarskie do bud\u017cetu klienta, gwarantuj\u0105c najlepsz\u0105 warto\u015b\u0107 inwestycji.<\/p>\n<h2>Skontaktuj si\u0119 z nami<\/h2>\n<h2>Dane kontaktowe<\/h2>\n<style>\/*! elementor - v3.15.0 - 09-08-2023 *\/<br \/>.elementor-widget-image-box .elementor-image-box-content{width:100%}@media (min-width:768px){.elementor-widget-image-box.elementor-position-left .elementor-image-box-wrapper,.elementor-widget-image-box.elementor-position-right .elementor-image-box-wrapper{display:flex}.elementor-widget-image-box.elementor-position-right .elementor-image-box-wrapper{text-align:right;flex-direction:row-reverse}.elementor-widget-image-box.elementor-position-left .elementor-image-box-wrapper{text-align:left;flex-direction:row}.elementor-widget-image-box.elementor-position-top .elementor-image-box-img{margin:auto}.elementor-widget-image-box.elementor-vertical-align-top .elementor-image-box-wrapper{align-items:flex-start}.elementor-widget-image-box.elementor-vertical-align-middle .elementor-image-box-wrapper{align-items:center}.elementor-widget-image-box.elementor-vertical-align-bottom .elementor-image-box-wrapper{align-items:flex-end}}@media (max-width:767px){.elementor-widget-image-box .elementor-image-box-img{margin-left:auto!important;margin-right:auto!important;margin-bottom:15px}}.elementor-widget-image-box .elementor-image-box-img{display:inline-block}.elementor-widget-image-box .elementor-image-box-title a{color:inherit}.elementor-widget-image-box .elementor-image-box-wrapper{text-align:center}.elementor-widget-image-box .elementor-image-box-description{margin:0}<\/style>\n<figure><img decoding=\"async\" src=\"https:\/\/macplasteringteam.co.uk\/wp-content\/uploads\/2023\/04\/mobile.png\" alt=\"\" width=\"20\" height=\"32\" title=\"\"> Mob: 07707570707<\/figure>\n<figure><img decoding=\"async\" src=\"https:\/\/macplasteringteam.co.uk\/wp-content\/uploads\/2023\/04\/koperta-min.png\" alt=\"\" width=\"24\" height=\"14\" title=\"\"> E-mail contact@macplasteringteam.co.uk<\/figure>\n<h2>Tynkarz w West Hampstead<\/h2>\n<style>\/*! elementor - v3.15.0 - 09-08-2023 *\/<br \/>.elementor-widget-google_maps .elementor-widget-container{overflow:hidden}.elementor-widget-google_maps .elementor-custom-embed{line-height:0}.elementor-widget-google_maps iframe{height:300px}<\/style>\n<p><iframe title=\"Mapa Google miasta West Hampstead, Londyn\" class=\"page-generator-pro-map\" width=\"100%\" height=\"250\" frameborder=\"0\" style=\"border:0\" src=\"https:\/\/www.google.com\/maps\/embed\/v1\/place?q=West+Hampstead%2C+london&#038;zoom=14&#038;maptype=roadmap&#038;key=AIzaSyCNTEOso0tZG6YMSJFoaJEY5Th1stEWrJI\" referrerpolicy=\"no-referrer-when-downgrade\" allowfullscreen><\/iframe><\/p>","protected":false},"excerpt":{"rendered":"<p>Plasterer in West Hampstead &#8211; Plastering Contractor Plastering in West Hampstead, Welcome aboard to Mac Plastering Team, the distinguished provider of professional plastering services in West Hampstead, holding a strong record of 16 years in the industry. Specializing in high-quality plastering services, we cater to an extensive client base comprising both residential and commercial sectors [&hellip;]<\/p>","protected":false},"author":1,"featured_media":0,"parent":0,"menu_order":0,"comment_status":"closed","ping_status":"closed","template":"","meta":{"footnotes":""},"class_list":["post-11112","page","type-page","status-publish","hentry"],"rttpg_featured_image_url":null,"rttpg_author":{"display_name":"Admin","author_link":"https:\/\/macplasteringteam.co.uk\/pl\/author\/admin\/"},"rttpg_comment":0,"rttpg_category":null,"rttpg_excerpt":"Plasterer in West Hampstead &#8211; Plastering Contractor Plastering in West Hampstead, Welcome aboard to Mac Plastering Team, the distinguished provider of professional plastering services in West Hampstead, holding a strong record of 16 years in the industry. Specializing in high-quality plastering services, we cater to an extensive client base comprising both residential and commercial sectors&hellip;","_links":{"self":[{"href":"https:\/\/macplasteringteam.co.uk\/pl\/wp-json\/wp\/v2\/pages\/11112","targetHints":{"allow":["GET"]}}],"collection":[{"href":"https:\/\/macplasteringteam.co.uk\/pl\/wp-json\/wp\/v2\/pages"}],"about":[{"href":"https:\/\/macplasteringteam.co.uk\/pl\/wp-json\/wp\/v2\/types\/page"}],"author":[{"embeddable":true,"href":"https:\/\/macplasteringteam.co.uk\/pl\/wp-json\/wp\/v2\/users\/1"}],"replies":[{"embeddable":true,"href":"https:\/\/macplasteringteam.co.uk\/pl\/wp-json\/wp\/v2\/comments?post=11112"}],"version-history":[{"count":0,"href":"https:\/\/macplasteringteam.co.uk\/pl\/wp-json\/wp\/v2\/pages\/11112\/revisions"}],"wp:attachment":[{"href":"https:\/\/macplasteringteam.co.uk\/pl\/wp-json\/wp\/v2\/media?parent=11112"}],"curies":[{"name":"wp","href":"https:\/\/api.w.org\/{rel}","templated":true}]}}