{"id":11135,"date":"2023-08-15T14:33:02","date_gmt":"2023-08-15T12:33:02","guid":{"rendered":"https:\/\/macplasteringteam.co.uk\/plasterer-worcester\/"},"modified":"2023-08-15T14:33:02","modified_gmt":"2023-08-15T12:33:02","slug":"plasterer-worcester","status":"publish","type":"page","link":"https:\/\/macplasteringteam.co.uk\/lv\/plasterer-worcester\/","title":{"rendered":"Apmet\u0113js Worcester"},"content":{"rendered":"<style>\/*! elementor - v3.15.0 - 09-08-2023 *\/<br \/>.elementor-heading-title{padding:0;margin:0;line-height:1}.elementor-widget-heading .elementor-heading-title[class*=elementor-size-]>a{color:inherit;font-size:inherit;line-height:inherit}.elementor-widget-heading .elementor-heading-title.elementor-size-small{font-size:15px}.elementor-widget-heading .elementor-heading-title.elementor-size-medium{font-size:19px}.elementor-widget-heading .elementor-heading-title.elementor-size-large{font-size:29px}.elementor-widget-heading .elementor-heading-title.elementor-size-xl{font-size:39px}.elementor-widget-heading .elementor-heading-title.elementor-size-xxl{font-size:59px}<\/style>\n<h1>Apmet\u0113js Vor\u010dester\u0101 - Apmetuma uzkl\u0101\u0161anas darbuz\u0146\u0113m\u0113js<\/h1>\n<p>Apme\u0161ana Worcester, Laipni l\u016bdzam uz kl\u0101ja Mac Apme\u0161anas komanda, izcils profesion\u0101lu apme\u0161anas pakalpojumu sniedz\u0113js Worcester, kam ir sp\u0113c\u012bgs 16 gadu pieredze \u0161aj\u0101 nozar\u0113. M\u0113s specializ\u0113jamies augstas kvalit\u0101tes apme\u0161anas pakalpojumu snieg\u0161an\u0101 un apkalpojam pla\u0161u klientu loku, kas aptver gan dz\u012bvojamo, gan komerci\u0101lo sektoru vis\u0101 Vusteras pils\u0113t\u0101. ceptional craftsmanship and customer satisfaction.<\/p>\n<h2>K\u0101p\u0113c sadarboties ar Mac Plastering?<\/h2>\n<p>Mac Apmetuma komanda ir ap\u0146\u0113m\u012bga sniegt augst\u0101k\u0101s klases apmetuma pakalpojumus Vuster\u0101. M\u016bsu reput\u0101cija, kas balst\u0101s uz virkni veiksm\u012bgi \u012bstenotu projektu un apmierin\u0101to klientu uzslav\u0101m, liecina par m\u016bsu pakalpojumu kvalit\u0101ti. M\u0113s esam uztic\u012bgi ikvienam projektam - gan lielam, gan mazam - un pret katru no tiem izturamies ar vien\u0101du uzman\u012bbu un precizit\u0101ti.<\/p>\n<h2>Dz\u012bvojamo un komerci\u0101lo \u0113ku apme\u0161anas pakalpojumu spektrs Vuster\u0101<\/h2>\n<p>Neatkar\u012bgi no t\u0101, vai runa ir par m\u0101jas renov\u0101ciju, dz\u012bvok\u013ca p\u0101rb\u016bvi, biroja p\u0101rveido\u0161anu vai komercplat\u012bbu atjauno\u0161anu, mums ir prasmes un zin\u0101\u0161anas, lai izpild\u012btu visas j\u016bsu apmetuma darbu vajadz\u012bbas. M\u016bsu visaptvero\u0161ie pakalpojumi ietver:<\/p>\n<ul>\n<li>Apmetuma risin\u0101jumi dz\u012bvok\u013ciem, m\u0101j\u0101m un dz\u012bvok\u013ciem<\/li>\n<li>Specializ\u0113ts vannas istabas un virtuves apmetums<\/li>\n<li>Biroju un komerctelpu apme\u0161ana<\/li>\n<li>P\u0101rb\u016bves b\u0113ni\u0146os, jaunb\u016bves un starpsienu apme\u0161ana<\/li>\n<li>Gar\u0101\u017eu p\u0101rb\u016bves apmetums<\/li>\n<li>Ma\u0161\u012bnveida apmetums<\/li>\n<li>Pieb\u016bvju un ziemas d\u0101rzu apme\u0161ana<\/li>\n<li>P\u0113c pas\u016bt\u012bjuma izstr\u0101d\u0101ti apmetuma risin\u0101jumi<\/li>\n<\/ul>\n<p>Apzinoties, ka katram apmetuma projektam ir unik\u0101las pras\u012bbas, m\u0113s izmantojam nevis visp\u0101r\u012bgu, bet gan individu\u0101lu pieeju. M\u016bsu pieredz\u0113ju\u0161u profesion\u0101\u013cu komanda veiks r\u016bp\u012bgu j\u016bsu objekta nov\u0113rt\u0113jumu, pied\u0101v\u0101s j\u016bsu \u012bpa\u0161aj\u0101m vajadz\u012bb\u0101m piel\u0101gotus ekspertu padomus, \u0146emot v\u0113r\u0101 j\u016bsu virsmu un pamatnes st\u0101vokli. Turkl\u0101t m\u0113s piel\u0101gosim savus augstas kvalit\u0101tes apme\u0161anas pakalpojumus j\u016bsu bud\u017eetam, garant\u0113jot vislab\u0101ko ieguld\u012bjumu v\u0113rt\u012bbu.<\/p>\n<h2>Sazinieties ar mums<\/h2>\n<h2>Kontaktinform\u0101cija<\/h2>\n<style>\/*! elementor - v3.15.0 - 09-08-2023 *\/<br \/>.elementor-widget-image-box .elementor-image-box-content{width:100%}@media (min-width:768px){.elementor-widget-image-box.elementor-position-left .elementor-image-box-wrapper,.elementor-widget-image-box.elementor-position-right .elementor-image-box-wrapper{display:flex}.elementor-widget-image-box.elementor-position-right .elementor-image-box-wrapper{text-align:right;flex-direction:row-reverse}.elementor-widget-image-box.elementor-position-left .elementor-image-box-wrapper{text-align:left;flex-direction:row}.elementor-widget-image-box.elementor-position-top .elementor-image-box-img{margin:auto}.elementor-widget-image-box.elementor-vertical-align-top .elementor-image-box-wrapper{align-items:flex-start}.elementor-widget-image-box.elementor-vertical-align-middle .elementor-image-box-wrapper{align-items:center}.elementor-widget-image-box.elementor-vertical-align-bottom .elementor-image-box-wrapper{align-items:flex-end}}@media (max-width:767px){.elementor-widget-image-box .elementor-image-box-img{margin-left:auto!important;margin-right:auto!important;margin-bottom:15px}}.elementor-widget-image-box .elementor-image-box-img{display:inline-block}.elementor-widget-image-box .elementor-image-box-title a{color:inherit}.elementor-widget-image-box .elementor-image-box-wrapper{text-align:center}.elementor-widget-image-box .elementor-image-box-description{margin:0}<\/style>\n<figure><img decoding=\"async\" src=\"https:\/\/macplasteringteam.co.uk\/wp-content\/uploads\/2023\/04\/mobile.png\" alt=\"\" width=\"20\" height=\"32\" title=\"\"> Mob: 07707570707<\/figure>\n<figure><img decoding=\"async\" src=\"https:\/\/macplasteringteam.co.uk\/wp-content\/uploads\/2023\/04\/koperta-min.png\" alt=\"\" width=\"24\" height=\"14\" title=\"\"> E-pasts contact@macplasteringteam.co.uk<\/figure>\n<h2>Apmet\u0113js Vor\u010dester\u0101<\/h2>\n<style>\/*! elementor - v3.15.0 - 09-08-2023 *\/<br \/>.elementor-widget-google_maps .elementor-widget-container{overflow:hidden}.elementor-widget-google_maps .elementor-custom-embed{line-height:0}.elementor-widget-google_maps iframe{height:300px}<\/style>\n<p><iframe title=\"Google karte Worcester, Londona\" class=\"page-generator-pro-map\" width=\"100%\" height=\"250\" frameborder=\"0\" style=\"border:0\" src=\"https:\/\/www.google.com\/maps\/embed\/v1\/place?q=Worcester%2C+london&#038;zoom=14&#038;maptype=roadmap&#038;key=AIzaSyCNTEOso0tZG6YMSJFoaJEY5Th1stEWrJI\" referrerpolicy=\"no-referrer-when-downgrade\" allowfullscreen><\/iframe><\/p>","protected":false},"excerpt":{"rendered":"<p>Plasterer in Worcester &#8211; Plastering Contractor Plastering in Worcester, Welcome aboard to Mac Plastering Team, the distinguished provider of professional plastering services in Worcester, holding a strong record of 16 years in the industry. Specializing in high-quality plastering services, we cater to an extensive client base comprising both residential and commercial sectors across Worcester ceptional [&hellip;]<\/p>","protected":false},"author":1,"featured_media":0,"parent":0,"menu_order":0,"comment_status":"closed","ping_status":"closed","template":"","meta":{"footnotes":""},"class_list":["post-11135","page","type-page","status-publish","hentry"],"rttpg_featured_image_url":null,"rttpg_author":{"display_name":"Admin","author_link":"https:\/\/macplasteringteam.co.uk\/lv\/author\/admin\/"},"rttpg_comment":0,"rttpg_category":null,"rttpg_excerpt":"Plasterer in Worcester &#8211; Plastering Contractor Plastering in Worcester, Welcome aboard to Mac Plastering Team, the distinguished provider of professional plastering services in Worcester, holding a strong record of 16 years in the industry. Specializing in high-quality plastering services, we cater to an extensive client base comprising both residential and commercial sectors across Worcester ceptional&hellip;","_links":{"self":[{"href":"https:\/\/macplasteringteam.co.uk\/lv\/wp-json\/wp\/v2\/pages\/11135","targetHints":{"allow":["GET"]}}],"collection":[{"href":"https:\/\/macplasteringteam.co.uk\/lv\/wp-json\/wp\/v2\/pages"}],"about":[{"href":"https:\/\/macplasteringteam.co.uk\/lv\/wp-json\/wp\/v2\/types\/page"}],"author":[{"embeddable":true,"href":"https:\/\/macplasteringteam.co.uk\/lv\/wp-json\/wp\/v2\/users\/1"}],"replies":[{"embeddable":true,"href":"https:\/\/macplasteringteam.co.uk\/lv\/wp-json\/wp\/v2\/comments?post=11135"}],"version-history":[{"count":0,"href":"https:\/\/macplasteringteam.co.uk\/lv\/wp-json\/wp\/v2\/pages\/11135\/revisions"}],"wp:attachment":[{"href":"https:\/\/macplasteringteam.co.uk\/lv\/wp-json\/wp\/v2\/media?parent=11135"}],"curies":[{"name":"wp","href":"https:\/\/api.w.org\/{rel}","templated":true}]}}