{"id":11469,"date":"2024-03-13T10:29:23","date_gmt":"2024-03-13T09:29:23","guid":{"rendered":"https:\/\/macplasteringteam.co.uk\/?page_id=11469"},"modified":"2024-03-13T17:28:27","modified_gmt":"2024-03-13T16:28:27","slug":"plastering-contractor","status":"publish","type":"page","link":"https:\/\/macplasteringteam.co.uk\/lt\/plastering-contractor\/","title":{"rendered":"Tinkavimo rangovas"},"content":{"rendered":"<div data-elementor-type=\"wp-page\" data-elementor-id=\"11469\" class=\"elementor elementor-11469\" data-elementor-post-type=\"page\">\n\t\t\t\t\t\t<section class=\"elementor-section elementor-top-section elementor-element elementor-element-a1d8553 elementor-section-boxed elementor-section-height-default elementor-section-height-default tmpcoder-jarallax-no tmpcoder-parallax-no tmpcoder-particle-no tmpcoder-sticky-section-no\" data-id=\"a1d8553\" data-element_type=\"section\" data-e-type=\"section\">\n\t\t\t\t\t\t<div class=\"elementor-container elementor-column-gap-default\">\n\t\t\t\t\t<div class=\"elementor-column elementor-col-100 elementor-top-column elementor-element elementor-element-f85efe1\" data-id=\"f85efe1\" data-element_type=\"column\" data-e-type=\"column\">\n\t\t\t<div class=\"elementor-widget-wrap elementor-element-populated\">\n\t\t\t\t\t\t<div class=\"elementor-element elementor-element-d87d008 elementor-widget elementor-widget-heading\" data-id=\"d87d008\" data-element_type=\"widget\" data-e-type=\"widget\" data-widget_type=\"heading.default\">\n\t\t\t\t<div class=\"elementor-widget-container\">\n\t\t\t\t\t<h1 class=\"elementor-heading-title elementor-size-default\">Tinkavimo rangovas<\/h1>\t\t\t\t<\/div>\n\t\t\t\t<\/div>\n\t\t\t\t\t<\/div>\n\t\t<\/div>\n\t\t\t\t\t<\/div>\n\t\t<\/section>\n\t\t\t\t<section class=\"elementor-section elementor-top-section elementor-element elementor-element-fa4bc0f elementor-section-boxed elementor-section-height-default elementor-section-height-default tmpcoder-jarallax-no tmpcoder-parallax-no tmpcoder-particle-no tmpcoder-sticky-section-no\" data-id=\"fa4bc0f\" data-element_type=\"section\" data-e-type=\"section\">\n\t\t\t\t\t\t<div class=\"elementor-container elementor-column-gap-default\">\n\t\t\t\t\t<div class=\"elementor-column elementor-col-100 elementor-top-column elementor-element elementor-element-d73b645\" data-id=\"d73b645\" data-element_type=\"column\" data-e-type=\"column\">\n\t\t\t<div class=\"elementor-widget-wrap elementor-element-populated\">\n\t\t\t\t\t\t<div class=\"elementor-element elementor-element-4763af5 elementor-widget elementor-widget-text-editor\" data-id=\"4763af5\" data-element_type=\"widget\" data-e-type=\"widget\" data-widget_type=\"text-editor.default\">\n\t\t\t\t<div class=\"elementor-widget-container\">\n\t\t\t\t\t\t\t\t\t<p>\"Mac Plastering Team\" teikia auk\u0161\u010diausios kokyb\u0117s tinkavimo paslaugas gyvenamosioms ir komercin\u0117ms patalpoms. M\u016bs\u0173 kvalifikuot\u0173 specialist\u0173 komanda ir ilgamet\u0117 patirtis garantuoja puik\u0173 meistri\u0161kum\u0105 ir i\u0161skirtin\u012f klient\u0173 aptarnavim\u0105.<\/p>\t\t\t\t\t\t\t\t<\/div>\n\t\t\t\t<\/div>\n\t\t\t\t<div class=\"elementor-element elementor-element-e4ebde5 elementor-widget elementor-widget-heading\" data-id=\"e4ebde5\" data-element_type=\"widget\" data-e-type=\"widget\" data-widget_type=\"heading.default\">\n\t\t\t\t<div class=\"elementor-widget-container\">\n\t\t\t\t\t<h2 class=\"elementor-heading-title elementor-size-default\">M\u016bs\u0173 paslaugos<\/h2>\t\t\t\t<\/div>\n\t\t\t\t<\/div>\n\t\t\t\t<div class=\"elementor-element elementor-element-a2c4d44 elementor-widget elementor-widget-text-editor\" data-id=\"a2c4d44\" data-element_type=\"widget\" data-e-type=\"widget\" data-widget_type=\"text-editor.default\">\n\t\t\t\t<div class=\"elementor-widget-container\">\n\t\t\t\t\t\t\t\t\t<p><strong>Vidaus tinkavimas<\/strong>: Pakeiskite savo interjer\u0105 nepriekai\u0161tinga tinko apdaila, kuri pagerina sien\u0173 ir lub\u0173 gro\u017e\u012f ir ilgaam\u017ei\u0161kum\u0105.<\/p><p><strong>I\u0161or\u0117s tinkavimas<\/strong>: Apsaugokite savo nekilnojamojo turto eksterjer\u0105, naudodami atmosferos poveikiui atsparius ir vizualiai patrauklius tinkavimo sprendimus.<\/p><p><strong>Tinko remontas<\/strong>: M\u016bs\u0173 ekspertai gali atkurti tink\u0105 iki pirmin\u0117s b\u016bkl\u0117s ir u\u017etikrinti vientis\u0105 apdail\u0105 - nuo nedideli\u0173 \u012ftr\u016bkim\u0173 iki dideli\u0173 pa\u017eeidim\u0173.<\/p><p><strong>Dekoratyvinis tinkavimas<\/strong>: Suteikite savo erdvei elegancijos, naudodami dekoratyvinio tinko galimybes, \u012fskaitant j\u016bs\u0173 stili\u0173 atitinkan\u010dias tekst\u016bras ir apdail\u0105.<\/p>\t\t\t\t\t\t\t\t<\/div>\n\t\t\t\t<\/div>\n\t\t\t\t<div class=\"elementor-element elementor-element-80aa76d elementor-widget elementor-widget-heading\" data-id=\"80aa76d\" data-element_type=\"widget\" data-e-type=\"widget\" data-widget_type=\"heading.default\">\n\t\t\t\t<div class=\"elementor-widget-container\">\n\t\t\t\t\t<h2 class=\"elementor-heading-title elementor-size-default\">M\u016bs\u0173 procesas<\/h2>\t\t\t\t<\/div>\n\t\t\t\t<\/div>\n\t\t\t\t<div class=\"elementor-element elementor-element-d4ea16c elementor-widget elementor-widget-text-editor\" data-id=\"d4ea16c\" data-element_type=\"widget\" data-e-type=\"widget\" data-widget_type=\"text-editor.default\">\n\t\t\t\t<div class=\"elementor-widget-container\">\n\t\t\t\t\t\t\t\t\t<p><strong>Konsultacijos<\/strong>: Kiekvien\u0105 projekt\u0105 pradedame nuo i\u0161sami\u0173 konsultacij\u0173, kad suprastume j\u016bs\u0173 konkre\u010dius reikalavimus ir pageidavimus.<\/p><p><strong>Individual\u016bs sprendimai<\/strong>: Remdamiesi konsultacijomis, mes pritaikome savo tinkavimo sprendimus, kad jie atitikt\u0173 j\u016bs\u0173 unikalius poreikius ir u\u017etikrint\u0173 geriausius rezultatus j\u016bs\u0173 turtui.<\/p><p><strong>Profesionalus vykdymas<\/strong>: M\u016bs\u0173 kvalifikuoti specialistai atlieka tinkavimo darbus precizi\u0161kai ir kruop\u0161\u010diai, u\u017etikrindami nepriekai\u0161ting\u0105 apdail\u0105.<\/p><p><strong>Savalaikis u\u017ebaigimas<\/strong>: Suprantame termin\u0173 svarb\u0105 ir stengiam\u0117s kiekvien\u0105 projekt\u0105 u\u017ebaigti laiku, nesuma\u017eindami kokyb\u0117s.<\/p>\t\t\t\t\t\t\t\t<\/div>\n\t\t\t\t<\/div>\n\t\t\t\t<div class=\"elementor-element elementor-element-f261cc0 elementor-widget elementor-widget-heading\" data-id=\"f261cc0\" data-element_type=\"widget\" data-e-type=\"widget\" data-widget_type=\"heading.default\">\n\t\t\t\t<div class=\"elementor-widget-container\">\n\t\t\t\t\t<h2 class=\"elementor-heading-title elementor-size-default\">Kod\u0117l verta rinktis \"Mac Plastering Team<\/h2>\t\t\t\t<\/div>\n\t\t\t\t<\/div>\n\t\t\t\t<div class=\"elementor-element elementor-element-0b42b5d elementor-widget elementor-widget-text-editor\" data-id=\"0b42b5d\" data-element_type=\"widget\" data-e-type=\"widget\" data-widget_type=\"text-editor.default\">\n\t\t\t\t<div class=\"elementor-widget-container\">\n\t\t\t\t\t\t\t\t\t<p><strong>Patyr\u0119 specialistai<\/strong>: M\u016bs\u0173 komand\u0105 sudaro patyr\u0119 tinkavimo specialistai, kurie siekia auk\u0161tos kokyb\u0117s rezultat\u0173.<\/p><p><strong>Kokybi\u0161kos med\u017eiagos<\/strong>: Visiems tinkavimo projektams naudojame tik geriausias med\u017eiagas, kad u\u017etikrintume patvarum\u0105 ir ilgaam\u017ei\u0161kum\u0105.<\/p><p><strong>Klient\u0173 pasitenkinimas<\/strong>: J\u016bs\u0173 pasitenkinimas yra m\u016bs\u0173 prioritetas, tod\u0117l kiekvienu projektu siekiame vir\u0161yti j\u016bs\u0173 l\u016bkes\u010dius.<\/p><p><br \/><strong>Klient\u0173 aptarnavimo meistri\u0161kumas<\/strong>: Tikime, kad teikiame ne tik auk\u0161\u010diausios kokyb\u0117s tinkavimo paslaugas, bet ir i\u0161skirtin\u012f klient\u0173 aptarnavim\u0105. M\u016bs\u0173 komanda yra draugi\u0161ka, maloni ir visada pasiruo\u0161usi atsakyti \u012f visus klausimus ar r\u016bpes\u010dius, kuri\u0173 gali kilti viso projekto metu.<\/p>\t\t\t\t\t\t\t\t<\/div>\n\t\t\t\t<\/div>\n\t\t\t\t<div class=\"elementor-element elementor-element-dfa54d6 elementor-widget elementor-widget-heading\" data-id=\"dfa54d6\" data-element_type=\"widget\" data-e-type=\"widget\" data-widget_type=\"heading.default\">\n\t\t\t\t<div class=\"elementor-widget-container\">\n\t\t\t\t\t<h2 class=\"elementor-heading-title elementor-size-default\">Susisiekite su \"Mac\" tinkavimo komanda<\/h2>\t\t\t\t<\/div>\n\t\t\t\t<\/div>\n\t\t\t\t<div class=\"elementor-element elementor-element-f866415 elementor-widget elementor-widget-text-editor\" data-id=\"f866415\" data-element_type=\"widget\" data-e-type=\"widget\" data-widget_type=\"text-editor.default\">\n\t\t\t\t<div class=\"elementor-widget-container\">\n\t\t\t\t\t\t\t\t\t<p>Visus tinkavimo poreikius patik\u0117kite \"Mac Plastering Team\" ekspertams. Susisiekite su mumis \u0161iandien, kad aptartum\u0117te savo projekt\u0105 ir gautum\u0117te nemokam\u0105 pasi\u016blym\u0105. Leiskite mums pad\u0117ti \u012fgyvendinti j\u016bs\u0173 vizij\u0105, pasitelkiant m\u016bs\u0173 meistri\u0161kum\u0105 ir atsidavim\u0105 meistri\u0161kumui.<\/p>\t\t\t\t\t\t\t\t<\/div>\n\t\t\t\t<\/div>\n\t\t\t\t\t<\/div>\n\t\t<\/div>\n\t\t\t\t\t<\/div>\n\t\t<\/section>\n\t\t\t\t<section class=\"elementor-section elementor-top-section elementor-element elementor-element-daa2954 elementor-section-boxed elementor-section-height-default elementor-section-height-default tmpcoder-jarallax-no tmpcoder-parallax-no tmpcoder-particle-no tmpcoder-sticky-section-no\" data-id=\"daa2954\" data-element_type=\"section\" data-e-type=\"section\">\n\t\t\t\t\t\t<div class=\"elementor-container elementor-column-gap-default\">\n\t\t\t\t\t<div class=\"elementor-column elementor-col-100 elementor-top-column elementor-element elementor-element-fd35ed9\" data-id=\"fd35ed9\" data-element_type=\"column\" data-e-type=\"column\">\n\t\t\t<div class=\"elementor-widget-wrap elementor-element-populated\">\n\t\t\t\t\t\t<section class=\"elementor-section elementor-inner-section elementor-element elementor-element-2f3abba elementor-section-boxed elementor-section-height-default elementor-section-height-default tmpcoder-jarallax-no tmpcoder-parallax-no tmpcoder-particle-no tmpcoder-sticky-section-no\" data-id=\"2f3abba\" data-element_type=\"section\" data-e-type=\"section\">\n\t\t\t\t\t\t<div class=\"elementor-container elementor-column-gap-default\">\n\t\t\t\t\t<div class=\"elementor-column elementor-col-50 elementor-inner-column elementor-element elementor-element-5c0de8e\" data-id=\"5c0de8e\" data-element_type=\"column\" data-e-type=\"column\">\n\t\t\t<div class=\"elementor-widget-wrap elementor-element-populated\">\n\t\t\t\t\t\t<div class=\"elementor-element elementor-element-7f08881 elementor-button-align-stretch elementor-widget elementor-widget-form\" data-id=\"7f08881\" data-element_type=\"widget\" data-e-type=\"widget\" data-settings=\"{&quot;step_next_label&quot;:&quot;Next&quot;,&quot;step_previous_label&quot;:&quot;Previous&quot;,&quot;button_width&quot;:&quot;100&quot;,&quot;step_type&quot;:&quot;number_text&quot;,&quot;step_icon_shape&quot;:&quot;circle&quot;}\" data-widget_type=\"form.default\">\n\t\t\t\t<div class=\"elementor-widget-container\">\n\t\t\t\t\t\t\t<form class=\"elementor-form\" method=\"post\" name=\"New Form\" aria-label=\"New Form\" action=\"\">\n\t\t\t<input type=\"hidden\" name=\"post_id\" value=\"11469\"\/>\n\t\t\t<input type=\"hidden\" name=\"form_id\" value=\"7f08881\"\/>\n\t\t\t<input type=\"hidden\" name=\"referer_title\" value=\"Plastering Contractor - Mac Plastering Team\" \/>\n\n\t\t\t\t\t\t\t<input type=\"hidden\" name=\"queried_id\" value=\"11469\"\/>\n\t\t\t\n\t\t\t<div class=\"elementor-form-fields-wrapper elementor-labels-above\">\n\t\t\t\t\t\t\t\t<div class=\"elementor-field-type-text elementor-field-group elementor-column elementor-field-group-name elementor-col-100\">\n\t\t\t\t\t\t\t\t\t\t\t\t\t<input size=\"1\" type=\"text\" name=\"form_fields[name]\" id=\"form-field-name\" class=\"elementor-field elementor-size-sm  elementor-field-textual\" placeholder=\"Telefono numeris\">\n\t\t\t\t\t\t\t\t\t\t\t<\/div>\n\t\t\t\t\t\t\t\t<div class=\"elementor-field-type-email elementor-field-group elementor-column elementor-field-group-email elementor-col-100 elementor-field-required\">\n\t\t\t\t\t\t\t\t\t\t\t\t\t<input size=\"1\" type=\"email\" name=\"form_fields[email]\" id=\"form-field-email\" class=\"elementor-field elementor-size-sm  elementor-field-textual\" placeholder=\"El. pa\u0161tas\" required=\"required\">\n\t\t\t\t\t\t\t\t\t\t\t<\/div>\n\t\t\t\t\t\t\t\t<div class=\"elementor-field-type-textarea elementor-field-group elementor-column elementor-field-group-message elementor-col-100\">\n\t\t\t\t\t<textarea class=\"elementor-field-textual elementor-field  elementor-size-sm\" name=\"form_fields[message]\" id=\"form-field-message\" rows=\"2\" placeholder=\"I\u0161sami informacija apie darb\u0105.\"><\/textarea>\t\t\t\t<\/div>\n\t\t\t\t\t\t\t\t<div class=\"elementor-field-type-text elementor-field-group elementor-column elementor-field-group-field_961aa4d elementor-col-100\">\n\t\t\t\t\t\t\t\t\t\t\t\t\t<input size=\"1\" type=\"text\" name=\"form_fields[field_961aa4d]\" id=\"form-field-field_961aa4d\" class=\"elementor-field elementor-size-sm  elementor-field-textual\" placeholder=\"Darbo vietos pareigyb\u0117s kodas\">\n\t\t\t\t\t\t\t\t\t\t\t<\/div>\n\t\t\t\t\t\t\t\t<div class=\"elementor-field-type-checkbox elementor-field-group elementor-column elementor-field-group-field_54205bf elementor-col-100\">\n\t\t\t\t\t<div class=\"elementor-field-subgroup\"><span class=\"elementor-field-option\"><input type=\"checkbox\" value=\"I accept my data to be used to process this enquiry.\" id=\"form-field-field_54205bf-0\" name=\"form_fields[field_54205bf]\"> <label for=\"form-field-field_54205bf-0\">Sutinku, kad mano duomenys b\u016bt\u0173 naudojami \u0161iai u\u017eklausai apdoroti.<\/label><\/span><\/div>\t\t\t\t<\/div>\n\t\t\t\t\t\t\t\t<div class=\"elementor-field-group elementor-column elementor-field-type-submit elementor-col-100 e-form__buttons\">\n\t\t\t\t\t<button class=\"elementor-button elementor-size-sm\" type=\"submit\">\n\t\t\t\t\t\t<span class=\"elementor-button-content-wrapper\">\n\t\t\t\t\t\t\t\t\t\t\t\t\t\t\t\t\t\t\t\t\t\t<span class=\"elementor-button-text\">Si\u0173sti<\/span>\n\t\t\t\t\t\t\t\t\t\t\t\t\t<\/span>\n\t\t\t\t\t<\/button>\n\t\t\t\t<\/div>\n\t\t\t<\/div>\n\t\t<input type=\"hidden\" name=\"trp-form-language\" value=\"lt\"\/><\/form>\n\t\t\t\t\t\t<\/div>\n\t\t\t\t<\/div>\n\t\t\t\t\t<\/div>\n\t\t<\/div>\n\t\t\t\t<div class=\"elementor-column elementor-col-50 elementor-inner-column elementor-element elementor-element-58f33af\" data-id=\"58f33af\" data-element_type=\"column\" data-e-type=\"column\">\n\t\t\t<div class=\"elementor-widget-wrap elementor-element-populated\">\n\t\t\t\t\t\t<div class=\"elementor-element elementor-element-271e6e0 elementor-widget elementor-widget-heading\" data-id=\"271e6e0\" data-element_type=\"widget\" data-e-type=\"widget\" data-widget_type=\"heading.default\">\n\t\t\t\t<div class=\"elementor-widget-container\">\n\t\t\t\t\t<h5 class=\"elementor-heading-title elementor-size-default\">Kontaktin\u0117 informacija<\/h5>\t\t\t\t<\/div>\n\t\t\t\t<\/div>\n\t\t\t\t<div class=\"elementor-element elementor-element-b5a044b elementor-align-start elementor-icon-list--layout-traditional elementor-list-item-link-full_width elementor-widget elementor-widget-icon-list\" data-id=\"b5a044b\" data-element_type=\"widget\" data-e-type=\"widget\" data-widget_type=\"icon-list.default\">\n\t\t\t\t<div class=\"elementor-widget-container\">\n\t\t\t\t\t\t\t<ul class=\"elementor-icon-list-items\">\n\t\t\t\t\t\t\t<li class=\"elementor-icon-list-item\">\n\t\t\t\t\t\t\t\t\t\t\t<a href=\"tel:+44%207707570707\">\n\n\t\t\t\t\t\t\t\t\t\t\t\t<span class=\"elementor-icon-list-icon\">\n\t\t\t\t\t\t\t<i aria-hidden=\"true\" class=\"fas fa-phone-alt\"><\/i>\t\t\t\t\t\t<\/span>\n\t\t\t\t\t\t\t\t\t\t<span class=\"elementor-icon-list-text\">+44 7707570707<\/span>\n\t\t\t\t\t\t\t\t\t\t\t<\/a>\n\t\t\t\t\t\t\t\t\t<\/li>\n\t\t\t\t\t\t\t\t<li class=\"elementor-icon-list-item\">\n\t\t\t\t\t\t\t\t\t\t\t<a href=\"mailto:contact@macplasteringteam.co.uk\">\n\n\t\t\t\t\t\t\t\t\t\t\t\t<span class=\"elementor-icon-list-icon\">\n\t\t\t\t\t\t\t<i aria-hidden=\"true\" class=\"fas fa-envelope\"><\/i>\t\t\t\t\t\t<\/span>\n\t\t\t\t\t\t\t\t\t\t<span class=\"elementor-icon-list-text\">contact@macplasteringteam.co.uk<\/span>\n\t\t\t\t\t\t\t\t\t\t\t<\/a>\n\t\t\t\t\t\t\t\t\t<\/li>\n\t\t\t\t\t\t<\/ul>\n\t\t\t\t\t\t<\/div>\n\t\t\t\t<\/div>\n\t\t\t\t\t<\/div>\n\t\t<\/div>\n\t\t\t\t\t<\/div>\n\t\t<\/section>\n\t\t\t\t\t<\/div>\n\t\t<\/div>\n\t\t\t\t\t<\/div>\n\t\t<\/section>\n\t\t\t\t<\/div>","protected":false},"excerpt":{"rendered":"<p>Plastering Contractor At Mac Plastering Team, we are dedicated to providing top-quality plastering services for residential and commercial properties. With our team of skilled professionals and years of experience, we guarantee excellent craftsmanship and exceptional customer service. Our Services Interior Plastering: Transform your interiors with flawless plastering finishes that enhance the beauty and durability of [&hellip;]<\/p>","protected":false},"author":1,"featured_media":0,"parent":0,"menu_order":0,"comment_status":"closed","ping_status":"closed","template":"elementor_header_footer","meta":{"footnotes":""},"class_list":["post-11469","page","type-page","status-publish","hentry"],"rttpg_featured_image_url":null,"rttpg_author":{"display_name":"Admin","author_link":"https:\/\/macplasteringteam.co.uk\/lt\/author\/admin\/"},"rttpg_comment":0,"rttpg_category":null,"rttpg_excerpt":"Plastering Contractor At Mac Plastering Team, we are dedicated to providing top-quality plastering services for residential and commercial properties. With our team of skilled professionals and years of experience, we guarantee excellent craftsmanship and exceptional customer service. Our Services Interior Plastering: Transform your interiors with flawless plastering finishes that enhance the beauty and durability of&hellip;","_links":{"self":[{"href":"https:\/\/macplasteringteam.co.uk\/lt\/wp-json\/wp\/v2\/pages\/11469","targetHints":{"allow":["GET"]}}],"collection":[{"href":"https:\/\/macplasteringteam.co.uk\/lt\/wp-json\/wp\/v2\/pages"}],"about":[{"href":"https:\/\/macplasteringteam.co.uk\/lt\/wp-json\/wp\/v2\/types\/page"}],"author":[{"embeddable":true,"href":"https:\/\/macplasteringteam.co.uk\/lt\/wp-json\/wp\/v2\/users\/1"}],"replies":[{"embeddable":true,"href":"https:\/\/macplasteringteam.co.uk\/lt\/wp-json\/wp\/v2\/comments?post=11469"}],"version-history":[{"count":37,"href":"https:\/\/macplasteringteam.co.uk\/lt\/wp-json\/wp\/v2\/pages\/11469\/revisions"}],"predecessor-version":[{"id":11510,"href":"https:\/\/macplasteringteam.co.uk\/lt\/wp-json\/wp\/v2\/pages\/11469\/revisions\/11510"}],"wp:attachment":[{"href":"https:\/\/macplasteringteam.co.uk\/lt\/wp-json\/wp\/v2\/media?parent=11469"}],"curies":[{"name":"wp","href":"https:\/\/api.w.org\/{rel}","templated":true}]}}