{"id":11090,"date":"2023-08-15T14:32:57","date_gmt":"2023-08-15T12:32:57","guid":{"rendered":"https:\/\/macplasteringteam.co.uk\/plasterer-uxbridge\/"},"modified":"2023-08-15T14:32:57","modified_gmt":"2023-08-15T12:32:57","slug":"plasterer-uxbridge","status":"publish","type":"page","link":"https:\/\/macplasteringteam.co.uk\/lt\/plasterer-uxbridge\/","title":{"rendered":"Tinkuotojas Uxbridge"},"content":{"rendered":"<style>\/*! elementor - v3.15.0 - 09-08-2023 *\/<br \/>.elementor-heading-title{padding:0;margin:0;line-height:1}.elementor-widget-heading .elementor-heading-title[class*=elementor-size-]>a{color:inherit;font-size:inherit;line-height:inherit}.elementor-widget-heading .elementor-heading-title.elementor-size-small{font-size:15px}.elementor-widget-heading .elementor-heading-title.elementor-size-medium{font-size:19px}.elementor-widget-heading .elementor-heading-title.elementor-size-large{font-size:29px}.elementor-widget-heading .elementor-heading-title.elementor-size-xl{font-size:39px}.elementor-widget-heading .elementor-heading-title.elementor-size-xxl{font-size:59px}<\/style>\n<h1>Tinkuotojas Uksbrid\u017ee - Tinkavimo rangovas<\/h1>\n<p>Tinkavimas Uksbrid\u017ee, Sveiki atvyk\u0119 \u012f \"Mac Plastering Team\", \u017eymi\u0105 profesionali\u0173 tinkavimo paslaug\u0173 teik\u0117j\u0105 Uksbrid\u017ee, turin\u010di\u0105 16 met\u0173 darbo patirt\u012f \u0161ioje srityje. Specializuojam\u0117s auk\u0161tos kokyb\u0117s tinkavimo paslaugose, aptarnaujame plat\u0173 klient\u0173 rat\u0105, apimant\u012f tiek gyvenamuosius, tiek komercinius sektorius visame Uksbrid\u017ee.<\/p>\n<h2>Kod\u0117l verta bendradarbiauti su \"Mac Plastering\"?<\/h2>\n<p>\"Mac Plastering Team\" yra tvirtai \u012fsipareigojusi teikti auk\u0161\u010diausio lygio tinkavimo paslaugas Uksbrid\u017ee. M\u016bs\u0173 reputacija, sukurta s\u0117kmingai \u012fgyvendint\u0173 projekt\u0173 ir patenkint\u0173 klient\u0173 pagyrim\u0173 pagrindu, liudija m\u016bs\u0173 paslaug\u0173 kokyb\u0119. Esame atsidav\u0119 kiekvienam projektui, dideliam ar ma\u017eam, ir kiekvienam skiriame vienod\u0105 d\u0117mes\u012f ir precizi\u0161kum\u0105.<\/p>\n<h2>Gyvenam\u0173j\u0173 ir komercini\u0173 patalp\u0173 tinkavimo paslaug\u0173 spektras Uksbrid\u017ee<\/h2>\n<p>Nesvarbu, ar tai b\u016bt\u0173 namo renovacija, buto pertvarkymas, biuro ar komercini\u0173 patalp\u0173 atnaujinimas, mes turime \u012fg\u016bd\u017ei\u0173 ir \u017eini\u0173, kad gal\u0117tume patenkinti visus j\u016bs\u0173 tinkavimo poreikius. M\u016bs\u0173 visapusi\u0161kos paslaugos apima:<\/p>\n<ul>\n<li>But\u0173, nam\u0173 ir apartament\u0173 tinkavimo sprendimai<\/li>\n<li>Specializuotas vonios ir virtuv\u0117s tinkavimas<\/li>\n<li>Biur\u0173 ir komercini\u0173 patalp\u0173 tinkavimas<\/li>\n<li>Pal\u0117pi\u0173 pertvarkymai, naujos statybos ir pertvar\u0173 tinkavimas<\/li>\n<li>Gara\u017eo pertvarkymo tinkavimas<\/li>\n<li>Ma\u0161ininis tinkavimas<\/li>\n<li>Tinkavimas priestatuose ir \u017eiemos soduose<\/li>\n<li>Individual\u016bs tinkavimo sprendimai<\/li>\n<\/ul>\n<p>Suprasdami, kad kiekvienam tinkavimo projektui keliami unikal\u016bs reikalavimai, laikom\u0117s ne bendro, o individualaus po\u017ei\u016brio. M\u016bs\u0173 patyrusi\u0173 specialist\u0173 komanda atliks i\u0161sam\u0173 j\u016bs\u0173 objekto \u012fvertinim\u0105, pasi\u016blys ekspert\u0173 patarimus, pritaikytus konkretiems j\u016bs\u0173 poreikiams, atsi\u017evelgdami \u012f j\u016bs\u0173 pavir\u0161i\u0173 ir pagrind\u0173 b\u016bkl\u0119. Be to, auk\u0161tos kokyb\u0117s tinkavimo paslaugas suderinsime su j\u016bs\u0173 biud\u017eetu, u\u017etikrindami geriausi\u0105 investicij\u0173 vert\u0119.<\/p>\n<h2>Susisiekite su mumis<\/h2>\n<h2>Kontaktin\u0117 informacija<\/h2>\n<style>\/*! elementor - v3.15.0 - 09-08-2023 *\/<br \/>.elementor-widget-image-box .elementor-image-box-content{width:100%}@media (min-width:768px){.elementor-widget-image-box.elementor-position-left .elementor-image-box-wrapper,.elementor-widget-image-box.elementor-position-right .elementor-image-box-wrapper{display:flex}.elementor-widget-image-box.elementor-position-right .elementor-image-box-wrapper{text-align:right;flex-direction:row-reverse}.elementor-widget-image-box.elementor-position-left .elementor-image-box-wrapper{text-align:left;flex-direction:row}.elementor-widget-image-box.elementor-position-top .elementor-image-box-img{margin:auto}.elementor-widget-image-box.elementor-vertical-align-top .elementor-image-box-wrapper{align-items:flex-start}.elementor-widget-image-box.elementor-vertical-align-middle .elementor-image-box-wrapper{align-items:center}.elementor-widget-image-box.elementor-vertical-align-bottom .elementor-image-box-wrapper{align-items:flex-end}}@media (max-width:767px){.elementor-widget-image-box .elementor-image-box-img{margin-left:auto!important;margin-right:auto!important;margin-bottom:15px}}.elementor-widget-image-box .elementor-image-box-img{display:inline-block}.elementor-widget-image-box .elementor-image-box-title a{color:inherit}.elementor-widget-image-box .elementor-image-box-wrapper{text-align:center}.elementor-widget-image-box .elementor-image-box-description{margin:0}<\/style>\n<figure><img decoding=\"async\" src=\"https:\/\/macplasteringteam.co.uk\/wp-content\/uploads\/2023\/04\/mobile.png\" alt=\"\" width=\"20\" height=\"32\" title=\"\"> Mob: 07707570707<\/figure>\n<figure><img decoding=\"async\" src=\"https:\/\/macplasteringteam.co.uk\/wp-content\/uploads\/2023\/04\/koperta-min.png\" alt=\"\" width=\"24\" height=\"14\" title=\"\"> El. pa\u0161tas contact@macplasteringteam.co.uk<\/figure>\n<h2>Tinkuotojas Uxbridge mieste<\/h2>\n<style>\/*! elementor - v3.15.0 - 09-08-2023 *\/<br \/>.elementor-widget-google_maps .elementor-widget-container{overflow:hidden}.elementor-widget-google_maps .elementor-custom-embed{line-height:0}.elementor-widget-google_maps iframe{height:300px}<\/style>\n<p><iframe title=\"Google \u017eem\u0117lapis Uksbrid\u017eas, Londonas\" class=\"page-generator-pro-map\" width=\"100%\" height=\"250\" frameborder=\"0\" style=\"border:0\" src=\"https:\/\/www.google.com\/maps\/embed\/v1\/place?q=Uxbridge%2C+london&#038;zoom=14&#038;maptype=roadmap&#038;key=AIzaSyCNTEOso0tZG6YMSJFoaJEY5Th1stEWrJI\" referrerpolicy=\"no-referrer-when-downgrade\" allowfullscreen><\/iframe><\/p>","protected":false},"excerpt":{"rendered":"<p>Plasterer in Uxbridge &#8211; Plastering Contractor Plastering in Uxbridge, Welcome aboard to Mac Plastering Team, the distinguished provider of professional plastering services in Uxbridge, holding a strong record of 16 years in the industry. Specializing in high-quality plastering services, we cater to an extensive client base comprising both residential and commercial sectors across Uxbridge ceptional [&hellip;]<\/p>","protected":false},"author":1,"featured_media":0,"parent":0,"menu_order":0,"comment_status":"closed","ping_status":"closed","template":"","meta":{"footnotes":""},"class_list":["post-11090","page","type-page","status-publish","hentry"],"rttpg_featured_image_url":null,"rttpg_author":{"display_name":"Admin","author_link":"https:\/\/macplasteringteam.co.uk\/lt\/author\/admin\/"},"rttpg_comment":0,"rttpg_category":null,"rttpg_excerpt":"Plasterer in Uxbridge &#8211; Plastering Contractor Plastering in Uxbridge, Welcome aboard to Mac Plastering Team, the distinguished provider of professional plastering services in Uxbridge, holding a strong record of 16 years in the industry. Specializing in high-quality plastering services, we cater to an extensive client base comprising both residential and commercial sectors across Uxbridge ceptional&hellip;","_links":{"self":[{"href":"https:\/\/macplasteringteam.co.uk\/lt\/wp-json\/wp\/v2\/pages\/11090","targetHints":{"allow":["GET"]}}],"collection":[{"href":"https:\/\/macplasteringteam.co.uk\/lt\/wp-json\/wp\/v2\/pages"}],"about":[{"href":"https:\/\/macplasteringteam.co.uk\/lt\/wp-json\/wp\/v2\/types\/page"}],"author":[{"embeddable":true,"href":"https:\/\/macplasteringteam.co.uk\/lt\/wp-json\/wp\/v2\/users\/1"}],"replies":[{"embeddable":true,"href":"https:\/\/macplasteringteam.co.uk\/lt\/wp-json\/wp\/v2\/comments?post=11090"}],"version-history":[{"count":0,"href":"https:\/\/macplasteringteam.co.uk\/lt\/wp-json\/wp\/v2\/pages\/11090\/revisions"}],"wp:attachment":[{"href":"https:\/\/macplasteringteam.co.uk\/lt\/wp-json\/wp\/v2\/media?parent=11090"}],"curies":[{"name":"wp","href":"https:\/\/api.w.org\/{rel}","templated":true}]}}